{"id":882,"date":"2023-07-19T04:36:35","date_gmt":"2023-07-19T04:36:35","guid":{"rendered":"https:\/\/dr-kapfer.fixfox.me\/index.php\/leistungssprektrum\/moore-und-suempfe\/gebietsanalyse-und-monitoring-2\/"},"modified":"2023-07-22T16:07:29","modified_gmt":"2023-07-22T16:07:29","slug":"wiedervernaessung","status":"publish","type":"page","link":"https:\/\/dr-kapfer.fixfox.me\/index.php\/leistungssprektrum\/moore-und-suempfe\/wiedervernaessung\/","title":{"rendered":"Wiedervern\u00e4ssung"},"content":{"rendered":"\t\t<div data-elementor-type=\"wp-page\" data-elementor-id=\"882\" class=\"elementor elementor-882\" data-elementor-post-type=\"page\">\n\t\t\t\t\t\t\t\t\t<section class=\"elementor-section elementor-top-section elementor-element elementor-element-1329d757 elementor-section-boxed elementor-section-height-default elementor-section-height-default\" data-id=\"1329d757\" data-element_type=\"section\">\n\t\t\t\t\t\t<div class=\"elementor-container elementor-column-gap-default\">\n\t\t\t\t\t<div class=\"elementor-column elementor-col-100 elementor-top-column elementor-element elementor-element-5a79a2ae\" data-id=\"5a79a2ae\" data-element_type=\"column\">\n\t\t\t<div class=\"elementor-widget-wrap elementor-element-populated\">\n\t\t\t\t\t\t\t\t<div class=\"elementor-element elementor-element-71e32654 elementor-widget elementor-widget-text-editor\" data-id=\"71e32654\" data-element_type=\"widget\" data-widget_type=\"text-editor.default\">\n\t\t\t\t<div class=\"elementor-widget-container\">\n\t\t\t<style>\/*! elementor - v3.16.0 - 09-10-2023 *\/\n.elementor-widget-text-editor.elementor-drop-cap-view-stacked .elementor-drop-cap{background-color:#69727d;color:#fff}.elementor-widget-text-editor.elementor-drop-cap-view-framed .elementor-drop-cap{color:#69727d;border:3px solid;background-color:transparent}.elementor-widget-text-editor:not(.elementor-drop-cap-view-default) .elementor-drop-cap{margin-top:8px}.elementor-widget-text-editor:not(.elementor-drop-cap-view-default) .elementor-drop-cap-letter{width:1em;height:1em}.elementor-widget-text-editor .elementor-drop-cap{float:left;text-align:center;line-height:1;font-size:50px}.elementor-widget-text-editor .elementor-drop-cap-letter{display:inline-block}<\/style>\t\t\t\t<p><!-- wp:paragraph --><\/p>\n<h2 class=\"ce_headline first\">Wiedervern\u00e4ssung von Mooren<\/h2>\n<div class=\"ce_text block\">\n<p>\u00a0<\/p>\n<h3>Aufgabenstellung<\/h3>\n<p>Die Wiedervern\u00e4ssung von Mooren ist eine Aufgabe der speziellen moorkundlich-wasserwirtschaftlichen Objektplanung. Ziel der Wiedervern\u00e4ssung ist nicht allein die Etablierung bestimmter Moorwasserst\u00e4nde, sondern spezifischer Wasserregime, die sich an den jeweiligen unterschiedlichen entwicklungsgeschichtlich-hydrologischen Moortypen sowie am spezifischen Leitbild orientieren. Zuwegung, Baugrund, Baumaterialien, zeitliches Baufenster etc. stellen dar\u00fcber hinaus besondere Anforderungen.<\/p>\n<\/div>\n<div class=\"ce_text block\">\n<p>\u00a0<\/p>\n<h3>Leistungen<\/h3>\n<p>Wir begleiten Sie \u00fcber alle Leistungsphasen der technischen Realisierung von Wiedervern\u00e4ssungsma\u00dfnahmen. Dabei favorisieren wir moorschonende, aber technisch schlagkr\u00e4ftige und auch nach Jahrzehnten noch wirksame Bauweisen. Die Palette der zur Verf\u00fcgung stehenden Bauweisen ist gro\u00df \u2013 von naturnah\/ingenieurbiologisch bis rein technisch. Unser Ansporn ist es, f\u00fcr die jeweils \u00f6rtlich spezifische Aufgabenstellung die unter \u00f6kologischen und \u00f6konomischen Gesichtspunkten optimale Realisierung zu entwickeln.<\/p>\n<ul>\n<li>Geod\u00e4tische Vermessung \/ DGM<\/li>\n<li>Baugrunduntersuchung<\/li>\n<li>Entwurfs- und Genehmigungsplanung<\/li>\n<li>Ausf\u00fchrungsplanung<\/li>\n<li>Ausschreibung nach VOB<\/li>\n<li>Bau\u00fcberwachung \/ Umweltbaubegleitung<\/li>\n<li>Abnahme \/ Abrechnung<\/li>\n<\/ul>\n<\/div>\n<div class=\"ce_text block\">\n<p>\u00a0<\/p>\n<h3><span lang=\"DE\">Referenzen<\/span><\/h3>\n<p>Wiedervern\u00e4ssung Auen\u00fcberflutungsmoor Untere Schn\u00f6den, Naturschutzgro\u00dfprojekt Pfrunger-Burgweiler Ried (Landkreis Sigmaringen).\u00a0<\/p>\n<h6>Stiftung Naturschutz Pfrunger-Burgweiler Ried, 80 ha, 2014-2015.<\/h6>\n<p>\u00a0<\/p>\n<p>Wiedervern\u00e4ssung Regenmoor Eulenbruck-S\u00fcd mit \u00dcberwachsenem See, Naturschutzgro\u00dfprojekt Pfrunger-Burgweiler Ried (Landkreis Sigmaringen).\u00a0<\/p>\n<h6>Stiftung Naturschutz Pfrunger-Burgweiler Ried, 60 ha, 2013-2014.<\/h6>\n<p>\u00a0<\/p>\n<p>Wiedervern\u00e4ssung Durchstr\u00f6mungsmoor Bayerried im Dattenhauser Ried, Klimaprogramm Bayern 2020 (Landkreis Dillingen a. d. D.).\u00a0<\/p>\n<h6>TG Flurbereinigung Dattenhausen II\/Amt f\u00fcr L\u00e4ndliche Entwicklung Krumbach (Schwaben), 80 ha, 2012 \u2013 2013.<\/h6>\n<p>\u00a0<\/p>\n<p>Wiedervern\u00e4ssung Durchstr\u00f6mungsmoor Obere Schn\u00f6den, Naturschutzgro\u00dfprojekt Pfrunger-Burgweiler Ried (Landkreis Sigmaringen).\u00a0<\/p>\n<h6>Stiftung Naturschutz Pfrunger-Burgweiler Ried, 180 ha, 2010 \u2013 2012.<\/h6>\n<p>\u00a0<\/p>\n<p>Wiedervern\u00e4ssung Regenmoor Gro\u00dfer Trauben, Naturschutzgro\u00dfprojekt Pfrunger-Burgweiler Ried (Landkreis Sigmaringen).\u00a0<\/p>\n<h6>Stiftung Naturschutz Pfrunger-Burgweiler Ried, 210 ha, 2006 \u2013 2009.<\/h6>\n<p>\u00a0<\/p>\n<p>Wiedervern\u00e4ssung Regenmoor Tisch, Naturschutzgro\u00dfprojekt Pfrunger-Burgweiler Ried (Landkreis Sigmaringen).\u00a0<\/p>\n<h6>Stiftung Naturschutz Pfrunger-Burgweiler Ried, 80 ha, 2006 \u2013 2008.<\/h6>\n<p>\u00a0<\/p>\n<p>Wiedereinrichtung von W\u00e4sserwiesen in der Aue der Hegauer Aach bei Singen-Beuren (Naturschutzgebiet Weitenried; Landkreis Konstanz).\u00a0<\/p>\n<h6>Stra\u00dfenbauamt Konstanz, 15 ha, 1996.<\/h6>\n<\/div>\n<p><!-- \/wp:paragraph --><\/p>\t\t\t\t\t\t<\/div>\n\t\t\t\t<\/div>\n\t\t\t\t\t<\/div>\n\t\t<\/div>\n\t\t\t\t\t\t\t<\/div>\n\t\t<\/section>\n\t\t\t\t\t\t\t<\/div>\n\t\t","protected":false},"excerpt":{"rendered":"<p>Wiedervern\u00e4ssung von Mooren \u00a0 Aufgabenstellung Die Wiedervern\u00e4ssung von Mooren ist eine Aufgabe der speziellen moorkundlich-wasserwirtschaftlichen Objektplanung. Ziel der Wiedervern\u00e4ssung ist nicht allein die Etablierung bestimmter Moorwasserst\u00e4nde, sondern spezifischer Wasserregime, die sich an den jeweiligen unterschiedlichen entwicklungsgeschichtlich-hydrologischen Moortypen sowie am spezifischen Leitbild orientieren. Zuwegung, Baugrund, Baumaterialien, zeitliches Baufenster etc. stellen dar\u00fcber hinaus besondere Anforderungen. \u00a0 Leistungen&hellip; <a class=\"more-link\" href=\"https:\/\/dr-kapfer.fixfox.me\/index.php\/leistungssprektrum\/moore-und-suempfe\/wiedervernaessung\/\"><span class=\"screen-reader-text\">Wiedervern\u00e4ssung<\/span> weiterlesen<\/a><\/p>\n","protected":false},"author":1,"featured_media":0,"parent":708,"menu_order":3,"comment_status":"closed","ping_status":"closed","template":"elementor_header_footer","meta":{"footnotes":""},"class_list":["post-882","page","type-page","status-publish","hentry","entry"],"yoast_head":"<!-- This site is optimized with the Yoast SEO plugin v21.4 - https:\/\/yoast.com\/wordpress\/plugins\/seo\/ -->\n<title>Wiedervern\u00e4ssung - Ingenieurb\u00fcro Dr. Kapfer<\/title>\n<meta name=\"robots\" content=\"index, follow, max-snippet:-1, max-image-preview:large, max-video-preview:-1\" \/>\n<link rel=\"canonical\" href=\"https:\/\/dr-kapfer.fixfox.me\/index.php\/leistungssprektrum\/moore-und-suempfe\/wiedervernaessung\/\" \/>\n<meta property=\"og:locale\" content=\"de_DE\" \/>\n<meta property=\"og:type\" content=\"article\" \/>\n<meta property=\"og:title\" content=\"Wiedervern\u00e4ssung - Ingenieurb\u00fcro Dr. Kapfer\" \/>\n<meta property=\"og:description\" content=\"Wiedervern\u00e4ssung von Mooren \u00a0 Aufgabenstellung Die Wiedervern\u00e4ssung von Mooren ist eine Aufgabe der speziellen moorkundlich-wasserwirtschaftlichen Objektplanung. Ziel der Wiedervern\u00e4ssung ist nicht allein die Etablierung bestimmter Moorwasserst\u00e4nde, sondern spezifischer Wasserregime, die sich an den jeweiligen unterschiedlichen entwicklungsgeschichtlich-hydrologischen Moortypen sowie am spezifischen Leitbild orientieren. Zuwegung, Baugrund, Baumaterialien, zeitliches Baufenster etc. stellen dar\u00fcber hinaus besondere Anforderungen. \u00a0 Leistungen&hellip; Wiedervern\u00e4ssung weiterlesen\" \/>\n<meta property=\"og:url\" content=\"https:\/\/dr-kapfer.fixfox.me\/index.php\/leistungssprektrum\/moore-und-suempfe\/wiedervernaessung\/\" \/>\n<meta property=\"og:site_name\" content=\"Ingenieurb\u00fcro Dr. Kapfer\" \/>\n<meta property=\"article:modified_time\" content=\"2023-07-22T16:07:29+00:00\" \/>\n<meta name=\"twitter:card\" content=\"summary_large_image\" \/>\n<meta name=\"twitter:label1\" content=\"Gesch\u00e4tzte Lesezeit\" \/>\n\t<meta name=\"twitter:data1\" content=\"2\u00a0Minuten\" \/>\n<script type=\"application\/ld+json\" class=\"yoast-schema-graph\">{\"@context\":\"https:\/\/schema.org\",\"@graph\":[{\"@type\":\"WebPage\",\"@id\":\"https:\/\/dr-kapfer.fixfox.me\/index.php\/leistungssprektrum\/moore-und-suempfe\/wiedervernaessung\/\",\"url\":\"https:\/\/dr-kapfer.fixfox.me\/index.php\/leistungssprektrum\/moore-und-suempfe\/wiedervernaessung\/\",\"name\":\"Wiedervern\u00e4ssung - Ingenieurb\u00fcro Dr. Kapfer\",\"isPartOf\":{\"@id\":\"https:\/\/dr-kapfer.fixfox.me\/#website\"},\"datePublished\":\"2023-07-19T04:36:35+00:00\",\"dateModified\":\"2023-07-22T16:07:29+00:00\",\"breadcrumb\":{\"@id\":\"https:\/\/dr-kapfer.fixfox.me\/index.php\/leistungssprektrum\/moore-und-suempfe\/wiedervernaessung\/#breadcrumb\"},\"inLanguage\":\"de\",\"potentialAction\":[{\"@type\":\"ReadAction\",\"target\":[\"https:\/\/dr-kapfer.fixfox.me\/index.php\/leistungssprektrum\/moore-und-suempfe\/wiedervernaessung\/\"]}]},{\"@type\":\"BreadcrumbList\",\"@id\":\"https:\/\/dr-kapfer.fixfox.me\/index.php\/leistungssprektrum\/moore-und-suempfe\/wiedervernaessung\/#breadcrumb\",\"itemListElement\":[{\"@type\":\"ListItem\",\"position\":1,\"name\":\"Startseite\",\"item\":\"https:\/\/dr-kapfer.fixfox.me\/\"},{\"@type\":\"ListItem\",\"position\":2,\"name\":\"Leistungsspektrum\",\"item\":\"https:\/\/dr-kapfer.fixfox.me\/index.php\/leistungssprektrum\/\"},{\"@type\":\"ListItem\",\"position\":3,\"name\":\"Moore und S\u00fcmpfe\",\"item\":\"https:\/\/dr-kapfer.fixfox.me\/index.php\/leistungssprektrum\/moore-und-suempfe\/\"},{\"@type\":\"ListItem\",\"position\":4,\"name\":\"Wiedervern\u00e4ssung\"}]},{\"@type\":\"WebSite\",\"@id\":\"https:\/\/dr-kapfer.fixfox.me\/#website\",\"url\":\"https:\/\/dr-kapfer.fixfox.me\/\",\"name\":\"Ingenieurb\u00fcro Dr. Kapfer\",\"description\":\"Landschaftsplanung und Landentwicklung\",\"publisher\":{\"@id\":\"https:\/\/dr-kapfer.fixfox.me\/#organization\"},\"potentialAction\":[{\"@type\":\"SearchAction\",\"target\":{\"@type\":\"EntryPoint\",\"urlTemplate\":\"https:\/\/dr-kapfer.fixfox.me\/?s={search_term_string}\"},\"query-input\":\"required name=search_term_string\"}],\"inLanguage\":\"de\"},{\"@type\":\"Organization\",\"@id\":\"https:\/\/dr-kapfer.fixfox.me\/#organization\",\"name\":\"Ingenieurb\u00fcro Dr. Kapfer\",\"url\":\"https:\/\/dr-kapfer.fixfox.me\/\",\"logo\":{\"@type\":\"ImageObject\",\"inLanguage\":\"de\",\"@id\":\"https:\/\/dr-kapfer.fixfox.me\/#\/schema\/logo\/image\/\",\"url\":\"https:\/\/dr-kapfer.fixfox.me\/wp-content\/uploads\/2023\/07\/logo-ingenieurbuero-dr-kapfer.png\",\"contentUrl\":\"https:\/\/dr-kapfer.fixfox.me\/wp-content\/uploads\/2023\/07\/logo-ingenieurbuero-dr-kapfer.png\",\"width\":659,\"height\":642,\"caption\":\"Ingenieurb\u00fcro Dr. Kapfer\"},\"image\":{\"@id\":\"https:\/\/dr-kapfer.fixfox.me\/#\/schema\/logo\/image\/\"}}]}<\/script>\n<!-- \/ Yoast SEO plugin. -->","yoast_head_json":{"title":"Wiedervern\u00e4ssung - Ingenieurb\u00fcro Dr. Kapfer","robots":{"index":"index","follow":"follow","max-snippet":"max-snippet:-1","max-image-preview":"max-image-preview:large","max-video-preview":"max-video-preview:-1"},"canonical":"https:\/\/dr-kapfer.fixfox.me\/index.php\/leistungssprektrum\/moore-und-suempfe\/wiedervernaessung\/","og_locale":"de_DE","og_type":"article","og_title":"Wiedervern\u00e4ssung - Ingenieurb\u00fcro Dr. Kapfer","og_description":"Wiedervern\u00e4ssung von Mooren \u00a0 Aufgabenstellung Die Wiedervern\u00e4ssung von Mooren ist eine Aufgabe der speziellen moorkundlich-wasserwirtschaftlichen Objektplanung. Ziel der Wiedervern\u00e4ssung ist nicht allein die Etablierung bestimmter Moorwasserst\u00e4nde, sondern spezifischer Wasserregime, die sich an den jeweiligen unterschiedlichen entwicklungsgeschichtlich-hydrologischen Moortypen sowie am spezifischen Leitbild orientieren. Zuwegung, Baugrund, Baumaterialien, zeitliches Baufenster etc. stellen dar\u00fcber hinaus besondere Anforderungen. \u00a0 Leistungen&hellip; Wiedervern\u00e4ssung weiterlesen","og_url":"https:\/\/dr-kapfer.fixfox.me\/index.php\/leistungssprektrum\/moore-und-suempfe\/wiedervernaessung\/","og_site_name":"Ingenieurb\u00fcro Dr. Kapfer","article_modified_time":"2023-07-22T16:07:29+00:00","twitter_card":"summary_large_image","twitter_misc":{"Gesch\u00e4tzte Lesezeit":"2\u00a0Minuten"},"schema":{"@context":"https:\/\/schema.org","@graph":[{"@type":"WebPage","@id":"https:\/\/dr-kapfer.fixfox.me\/index.php\/leistungssprektrum\/moore-und-suempfe\/wiedervernaessung\/","url":"https:\/\/dr-kapfer.fixfox.me\/index.php\/leistungssprektrum\/moore-und-suempfe\/wiedervernaessung\/","name":"Wiedervern\u00e4ssung - Ingenieurb\u00fcro Dr. Kapfer","isPartOf":{"@id":"https:\/\/dr-kapfer.fixfox.me\/#website"},"datePublished":"2023-07-19T04:36:35+00:00","dateModified":"2023-07-22T16:07:29+00:00","breadcrumb":{"@id":"https:\/\/dr-kapfer.fixfox.me\/index.php\/leistungssprektrum\/moore-und-suempfe\/wiedervernaessung\/#breadcrumb"},"inLanguage":"de","potentialAction":[{"@type":"ReadAction","target":["https:\/\/dr-kapfer.fixfox.me\/index.php\/leistungssprektrum\/moore-und-suempfe\/wiedervernaessung\/"]}]},{"@type":"BreadcrumbList","@id":"https:\/\/dr-kapfer.fixfox.me\/index.php\/leistungssprektrum\/moore-und-suempfe\/wiedervernaessung\/#breadcrumb","itemListElement":[{"@type":"ListItem","position":1,"name":"Startseite","item":"https:\/\/dr-kapfer.fixfox.me\/"},{"@type":"ListItem","position":2,"name":"Leistungsspektrum","item":"https:\/\/dr-kapfer.fixfox.me\/index.php\/leistungssprektrum\/"},{"@type":"ListItem","position":3,"name":"Moore und S\u00fcmpfe","item":"https:\/\/dr-kapfer.fixfox.me\/index.php\/leistungssprektrum\/moore-und-suempfe\/"},{"@type":"ListItem","position":4,"name":"Wiedervern\u00e4ssung"}]},{"@type":"WebSite","@id":"https:\/\/dr-kapfer.fixfox.me\/#website","url":"https:\/\/dr-kapfer.fixfox.me\/","name":"Ingenieurb\u00fcro Dr. Kapfer","description":"Landschaftsplanung und Landentwicklung","publisher":{"@id":"https:\/\/dr-kapfer.fixfox.me\/#organization"},"potentialAction":[{"@type":"SearchAction","target":{"@type":"EntryPoint","urlTemplate":"https:\/\/dr-kapfer.fixfox.me\/?s={search_term_string}"},"query-input":"required name=search_term_string"}],"inLanguage":"de"},{"@type":"Organization","@id":"https:\/\/dr-kapfer.fixfox.me\/#organization","name":"Ingenieurb\u00fcro Dr. Kapfer","url":"https:\/\/dr-kapfer.fixfox.me\/","logo":{"@type":"ImageObject","inLanguage":"de","@id":"https:\/\/dr-kapfer.fixfox.me\/#\/schema\/logo\/image\/","url":"https:\/\/dr-kapfer.fixfox.me\/wp-content\/uploads\/2023\/07\/logo-ingenieurbuero-dr-kapfer.png","contentUrl":"https:\/\/dr-kapfer.fixfox.me\/wp-content\/uploads\/2023\/07\/logo-ingenieurbuero-dr-kapfer.png","width":659,"height":642,"caption":"Ingenieurb\u00fcro Dr. Kapfer"},"image":{"@id":"https:\/\/dr-kapfer.fixfox.me\/#\/schema\/logo\/image\/"}}]}},"_links":{"self":[{"href":"https:\/\/dr-kapfer.fixfox.me\/index.php\/wp-json\/wp\/v2\/pages\/882","targetHints":{"allow":["GET"]}}],"collection":[{"href":"https:\/\/dr-kapfer.fixfox.me\/index.php\/wp-json\/wp\/v2\/pages"}],"about":[{"href":"https:\/\/dr-kapfer.fixfox.me\/index.php\/wp-json\/wp\/v2\/types\/page"}],"author":[{"embeddable":true,"href":"https:\/\/dr-kapfer.fixfox.me\/index.php\/wp-json\/wp\/v2\/users\/1"}],"replies":[{"embeddable":true,"href":"https:\/\/dr-kapfer.fixfox.me\/index.php\/wp-json\/wp\/v2\/comments?post=882"}],"version-history":[{"count":55,"href":"https:\/\/dr-kapfer.fixfox.me\/index.php\/wp-json\/wp\/v2\/pages\/882\/revisions"}],"predecessor-version":[{"id":938,"href":"https:\/\/dr-kapfer.fixfox.me\/index.php\/wp-json\/wp\/v2\/pages\/882\/revisions\/938"}],"up":[{"embeddable":true,"href":"https:\/\/dr-kapfer.fixfox.me\/index.php\/wp-json\/wp\/v2\/pages\/708"}],"wp:attachment":[{"href":"https:\/\/dr-kapfer.fixfox.me\/index.php\/wp-json\/wp\/v2\/media?parent=882"}],"curies":[{"name":"wp","href":"https:\/\/api.w.org\/{rel}","templated":true}]}}