{"id":829,"date":"2023-07-19T04:36:35","date_gmt":"2023-07-19T04:36:35","guid":{"rendered":"https:\/\/dr-kapfer.fixfox.me\/index.php\/leistungssprektrum\/moore-und-suempfe\/entwicklungsplanung-2\/"},"modified":"2023-07-21T16:14:21","modified_gmt":"2023-07-21T16:14:21","slug":"gebietsanalyse-und-monitoring","status":"publish","type":"page","link":"https:\/\/dr-kapfer.fixfox.me\/index.php\/leistungssprektrum\/moore-und-suempfe\/gebietsanalyse-und-monitoring\/","title":{"rendered":"Gebietsanalyse und Monitoring"},"content":{"rendered":"\t\t<div data-elementor-type=\"wp-page\" data-elementor-id=\"829\" class=\"elementor elementor-829\" data-elementor-post-type=\"page\">\n\t\t\t\t\t\t\t\t\t<section class=\"elementor-section elementor-top-section elementor-element elementor-element-1329d757 elementor-section-boxed elementor-section-height-default elementor-section-height-default\" data-id=\"1329d757\" data-element_type=\"section\">\n\t\t\t\t\t\t<div class=\"elementor-container elementor-column-gap-default\">\n\t\t\t\t\t<div class=\"elementor-column elementor-col-100 elementor-top-column elementor-element elementor-element-5a79a2ae\" data-id=\"5a79a2ae\" data-element_type=\"column\">\n\t\t\t<div class=\"elementor-widget-wrap elementor-element-populated\">\n\t\t\t\t\t\t\t\t<div class=\"elementor-element elementor-element-71e32654 elementor-widget elementor-widget-text-editor\" data-id=\"71e32654\" data-element_type=\"widget\" data-widget_type=\"text-editor.default\">\n\t\t\t\t<div class=\"elementor-widget-container\">\n\t\t\t<style>\/*! elementor - v3.16.0 - 09-10-2023 *\/\n.elementor-widget-text-editor.elementor-drop-cap-view-stacked .elementor-drop-cap{background-color:#69727d;color:#fff}.elementor-widget-text-editor.elementor-drop-cap-view-framed .elementor-drop-cap{color:#69727d;border:3px solid;background-color:transparent}.elementor-widget-text-editor:not(.elementor-drop-cap-view-default) .elementor-drop-cap{margin-top:8px}.elementor-widget-text-editor:not(.elementor-drop-cap-view-default) .elementor-drop-cap-letter{width:1em;height:1em}.elementor-widget-text-editor .elementor-drop-cap{float:left;text-align:center;line-height:1;font-size:50px}.elementor-widget-text-editor .elementor-drop-cap-letter{display:inline-block}<\/style>\t\t\t\t<p><!-- wp:paragraph --><\/p>\n<h2 class=\"ce_headline first\">Monitoring<\/h2>\n<div class=\"ce_text block\">\n<h3>\u00a0<\/h3>\n<h3 class=\"text_blau\">Aufgabenstellung<\/h3>\n<p>Fragen der Auswirkungen bestimmter Ma\u00dfnahmen und Projekte auf ihr Umfeld oder bestimmte Zielgr\u00f6\u00dfen werden im Hinblick auf deren rechtssichere Abwicklung, den effizienten Mitteleinsatz, den spezifischen Erfolg sowie nicht zuletzt die gesellschaftlichen Akzeptanz immer wichtiger. So stellt z. B. die hydrologische Beweissicherung im Rahmen von wasserbaulichen Ma\u00dfnahmen, vor allem aber bei der komplexen Wiedervern\u00e4ssung von S\u00fcmpfen und Mooren, in der Regel eine Voraussetzung f\u00fcr deren beh\u00f6rdliche Zulassung dar.<\/p>\n<\/div>\n<div class=\"ce_text block\">\n<h3>\u00a0<\/h3>\n<h3 class=\"text_blau\">Leistungen<\/h3>\n<p>Beginnend schon im Jahre 1981 verf\u00fcgen wir mittlerweile \u00fcber langj\u00e4hrige Erfahrungen in der konzeptionellen und praktischen Einrichtung von Dauerbeobachtungsfl\u00e4chen, der pr\u00e4zisen Datenerfassung und Datenhaltung sowie der Auswertung umfangreicher Datenbest\u00e4nde.<\/p>\n<ul>\n<li>Monitoring-\/Evaluierungskonzepte<\/li>\n<li>Projektbezogene hydrologische Beweissicherung<\/li>\n<li>Einrichtung von Dauerbeobachtungsfl\u00e4chen<\/li>\n<li>Geod\u00e4tische Vermessung<\/li>\n<li>Vegetationskundliche Aufnahme<\/li>\n<li>Faunistische Bestandserfassung<\/li>\n<li>Datenerfassung, Datenhaltung und Datenauswertung<\/li>\n<li>Besucherbefragungen \/ Besucherkartierung<\/li>\n<\/ul>\n<\/div>\n<div class=\"ce_text last block\">\n<p>\u00a0<\/p>\n<h3>Referenzen<\/h3>\n<p>Erstellung Evaluierungskonzept Naturschutzgro\u00dfprojekt Pfrunger-Burgweiler Ried (Landkreis Konstanz).\u00a0<\/p>\n<h6>Stiftung Naturschutz Pfrunger-Burgweiler Ried, 2009 &#8211; 2010.<\/h6>\n<p>\u00a0<\/p>\n<p>Monitoring Bau, Betrieb und Ausgleichma\u00dfnahmen Hochwasserr\u00fcckhaltebecken Wolterdingen (Schwarzwald-Baar-Kreis).\u00a0<\/p>\n<h6>Regierungspr\u00e4sidium Freiburg, 2006 \u2013 2010.<\/h6>\n<p>\u00a0<\/p>\n<p>Erfolgskontrolle Wasserwirtschaftlich-\u00f6kologisches Entwicklungskonzept (W\u00d6K) Hegauer\/Radolfzeller Aach (Landkreis Konstanz).\u00a0<\/p>\n<h6>Regierungspr\u00e4sidium Freiburg, 2009 &#8211; 2010.<\/h6>\n<p>\u00a0<\/p>\n<p>Vegetationskundliche Beweissicherung Wiedervern\u00e4ssung Obere Schn\u00f6den, Naturschutzgro\u00dfprojekt Pfrunger-Burgweiler Ried (Landkreis Sigmaringen).\u00a0<\/p>\n<h6>Stiftung Naturschutz Pfrunger-Burgweiler Ried, 2009.<\/h6>\n<p>\u00a0<\/p>\n<p>Hydrologische Beweissicherung Wiedervern\u00e4ssung Regenmoor Gro\u00dfer Trauben, Naturschutzgro\u00dfprojekt Pfrunger-Burgweiler Ried (Landkreis Sigmaringen).\u00a0<\/p>\n<h6>Stiftung Naturschutz Pfrunger-Burgweiler Ried, 2007 \u2013 2009.<\/h6>\n<p>\u00a0<\/p>\n<p>Monitoring Wasserspiegelabsenkung Kirchseemoore (Landkreis Bad T\u00f6lz).\u00a0<\/p>\n<h6>B\u00fcro Quinger, Herrsching, 2007 \u2013 2008.<\/h6>\n<p>\u00a0<\/p>\n<p>Kartierung von FFH-Gr\u00fcnland auf dem Heuberg (Landkreis Tuttlingen).\u00a0<\/p>\n<h6>Bezirksstelle f\u00fcr Naturschutz und Landschaftspflege Freiburg, 2004.<\/h6>\n<p>\u00a0<\/p>\n<p>Versuche zur Pflege von Streuwiesen in Oberschwaben (Landkreise Ravensburg und Bodenseekreis).\u00a0<\/p>\n<h6>Bezirksstelle f\u00fcr Naturschutz und Landschaftspflege T\u00fcbingen, 1994 \u2013 1998.<\/h6>\n<p>\u00a0<\/p>\n<p>Dauerfl\u00e4chenuntersuchungen Landschafts\u00f6kologischen Dynamik, Regeneration und Erhaltung oligotropher Feuchtbiotope (Landkreis Ravensburg).\u00a0<\/p>\n<h6>Umweltministerium Baden-W\u00fcrttemberg, 1982 \u2013 1995.<\/h6>\n<p>\u00a0<\/p>\n<p>Untersuchungen zur Bedeutung des Donautals als Lebensraum f\u00fcr V\u00f6gel im Rahmen des Projektes des Integrierten Donauprogrammes (IDP).\u00a0<\/p>\n<h6>Regierungspr\u00e4sidium T\u00fcbingen, 1989 \u2013 1990, (als Leiter des ILN Singen).<\/h6>\n<p>\u00a0<\/p>\n<p>Einrichtung von vegetationskundlichen Dauerbeobachtungsfl\u00e4chen im Dattenhauser Ried (Landkreis Dillingen a. d. Donau).\u00a0<\/p>\n<h6>Universit\u00e4t Hohenheim, 1981.<\/h6>\n<\/div>\n<p><!-- \/wp:paragraph --><\/p>\t\t\t\t\t\t<\/div>\n\t\t\t\t<\/div>\n\t\t\t\t\t<\/div>\n\t\t<\/div>\n\t\t\t\t\t\t\t<\/div>\n\t\t<\/section>\n\t\t\t\t\t\t\t<\/div>\n\t\t","protected":false},"excerpt":{"rendered":"<p>Monitoring \u00a0 Aufgabenstellung Fragen der Auswirkungen bestimmter Ma\u00dfnahmen und Projekte auf ihr Umfeld oder bestimmte Zielgr\u00f6\u00dfen werden im Hinblick auf deren rechtssichere Abwicklung, den effizienten Mitteleinsatz, den spezifischen Erfolg sowie nicht zuletzt die gesellschaftlichen Akzeptanz immer wichtiger. So stellt z. B. die hydrologische Beweissicherung im Rahmen von wasserbaulichen Ma\u00dfnahmen, vor allem aber bei der komplexen&hellip; <a class=\"more-link\" href=\"https:\/\/dr-kapfer.fixfox.me\/index.php\/leistungssprektrum\/moore-und-suempfe\/gebietsanalyse-und-monitoring\/\"><span class=\"screen-reader-text\">Gebietsanalyse und Monitoring<\/span> weiterlesen<\/a><\/p>\n","protected":false},"author":1,"featured_media":0,"parent":708,"menu_order":2,"comment_status":"closed","ping_status":"closed","template":"elementor_header_footer","meta":{"footnotes":""},"class_list":["post-829","page","type-page","status-publish","hentry","entry"],"yoast_head":"<!-- This site is optimized with the Yoast SEO plugin v21.4 - https:\/\/yoast.com\/wordpress\/plugins\/seo\/ -->\n<title>Gebietsanalyse und Monitoring - Ingenieurb\u00fcro Dr. Kapfer<\/title>\n<meta name=\"robots\" content=\"index, follow, max-snippet:-1, max-image-preview:large, max-video-preview:-1\" \/>\n<link rel=\"canonical\" href=\"https:\/\/dr-kapfer.fixfox.me\/index.php\/leistungssprektrum\/moore-und-suempfe\/gebietsanalyse-und-monitoring\/\" \/>\n<meta property=\"og:locale\" content=\"de_DE\" \/>\n<meta property=\"og:type\" content=\"article\" \/>\n<meta property=\"og:title\" content=\"Gebietsanalyse und Monitoring - Ingenieurb\u00fcro Dr. Kapfer\" \/>\n<meta property=\"og:description\" content=\"Monitoring \u00a0 Aufgabenstellung Fragen der Auswirkungen bestimmter Ma\u00dfnahmen und Projekte auf ihr Umfeld oder bestimmte Zielgr\u00f6\u00dfen werden im Hinblick auf deren rechtssichere Abwicklung, den effizienten Mitteleinsatz, den spezifischen Erfolg sowie nicht zuletzt die gesellschaftlichen Akzeptanz immer wichtiger. So stellt z. B. die hydrologische Beweissicherung im Rahmen von wasserbaulichen Ma\u00dfnahmen, vor allem aber bei der komplexen&hellip; Gebietsanalyse und Monitoring weiterlesen\" \/>\n<meta property=\"og:url\" content=\"https:\/\/dr-kapfer.fixfox.me\/index.php\/leistungssprektrum\/moore-und-suempfe\/gebietsanalyse-und-monitoring\/\" \/>\n<meta property=\"og:site_name\" content=\"Ingenieurb\u00fcro Dr. Kapfer\" \/>\n<meta property=\"article:modified_time\" content=\"2023-07-21T16:14:21+00:00\" \/>\n<meta name=\"twitter:card\" content=\"summary_large_image\" \/>\n<meta name=\"twitter:label1\" content=\"Gesch\u00e4tzte Lesezeit\" \/>\n\t<meta name=\"twitter:data1\" content=\"2\u00a0Minuten\" \/>\n<script type=\"application\/ld+json\" class=\"yoast-schema-graph\">{\"@context\":\"https:\/\/schema.org\",\"@graph\":[{\"@type\":\"WebPage\",\"@id\":\"https:\/\/dr-kapfer.fixfox.me\/index.php\/leistungssprektrum\/moore-und-suempfe\/gebietsanalyse-und-monitoring\/\",\"url\":\"https:\/\/dr-kapfer.fixfox.me\/index.php\/leistungssprektrum\/moore-und-suempfe\/gebietsanalyse-und-monitoring\/\",\"name\":\"Gebietsanalyse und Monitoring - Ingenieurb\u00fcro Dr. Kapfer\",\"isPartOf\":{\"@id\":\"https:\/\/dr-kapfer.fixfox.me\/#website\"},\"datePublished\":\"2023-07-19T04:36:35+00:00\",\"dateModified\":\"2023-07-21T16:14:21+00:00\",\"breadcrumb\":{\"@id\":\"https:\/\/dr-kapfer.fixfox.me\/index.php\/leistungssprektrum\/moore-und-suempfe\/gebietsanalyse-und-monitoring\/#breadcrumb\"},\"inLanguage\":\"de\",\"potentialAction\":[{\"@type\":\"ReadAction\",\"target\":[\"https:\/\/dr-kapfer.fixfox.me\/index.php\/leistungssprektrum\/moore-und-suempfe\/gebietsanalyse-und-monitoring\/\"]}]},{\"@type\":\"BreadcrumbList\",\"@id\":\"https:\/\/dr-kapfer.fixfox.me\/index.php\/leistungssprektrum\/moore-und-suempfe\/gebietsanalyse-und-monitoring\/#breadcrumb\",\"itemListElement\":[{\"@type\":\"ListItem\",\"position\":1,\"name\":\"Startseite\",\"item\":\"https:\/\/dr-kapfer.fixfox.me\/\"},{\"@type\":\"ListItem\",\"position\":2,\"name\":\"Leistungsspektrum\",\"item\":\"https:\/\/dr-kapfer.fixfox.me\/index.php\/leistungssprektrum\/\"},{\"@type\":\"ListItem\",\"position\":3,\"name\":\"Moore und S\u00fcmpfe\",\"item\":\"https:\/\/dr-kapfer.fixfox.me\/index.php\/leistungssprektrum\/moore-und-suempfe\/\"},{\"@type\":\"ListItem\",\"position\":4,\"name\":\"Gebietsanalyse und Monitoring\"}]},{\"@type\":\"WebSite\",\"@id\":\"https:\/\/dr-kapfer.fixfox.me\/#website\",\"url\":\"https:\/\/dr-kapfer.fixfox.me\/\",\"name\":\"Ingenieurb\u00fcro Dr. Kapfer\",\"description\":\"Landschaftsplanung und Landentwicklung\",\"publisher\":{\"@id\":\"https:\/\/dr-kapfer.fixfox.me\/#organization\"},\"potentialAction\":[{\"@type\":\"SearchAction\",\"target\":{\"@type\":\"EntryPoint\",\"urlTemplate\":\"https:\/\/dr-kapfer.fixfox.me\/?s={search_term_string}\"},\"query-input\":\"required name=search_term_string\"}],\"inLanguage\":\"de\"},{\"@type\":\"Organization\",\"@id\":\"https:\/\/dr-kapfer.fixfox.me\/#organization\",\"name\":\"Ingenieurb\u00fcro Dr. Kapfer\",\"url\":\"https:\/\/dr-kapfer.fixfox.me\/\",\"logo\":{\"@type\":\"ImageObject\",\"inLanguage\":\"de\",\"@id\":\"https:\/\/dr-kapfer.fixfox.me\/#\/schema\/logo\/image\/\",\"url\":\"https:\/\/dr-kapfer.fixfox.me\/wp-content\/uploads\/2023\/07\/logo-ingenieurbuero-dr-kapfer.png\",\"contentUrl\":\"https:\/\/dr-kapfer.fixfox.me\/wp-content\/uploads\/2023\/07\/logo-ingenieurbuero-dr-kapfer.png\",\"width\":659,\"height\":642,\"caption\":\"Ingenieurb\u00fcro Dr. Kapfer\"},\"image\":{\"@id\":\"https:\/\/dr-kapfer.fixfox.me\/#\/schema\/logo\/image\/\"}}]}<\/script>\n<!-- \/ Yoast SEO plugin. -->","yoast_head_json":{"title":"Gebietsanalyse und Monitoring - Ingenieurb\u00fcro Dr. Kapfer","robots":{"index":"index","follow":"follow","max-snippet":"max-snippet:-1","max-image-preview":"max-image-preview:large","max-video-preview":"max-video-preview:-1"},"canonical":"https:\/\/dr-kapfer.fixfox.me\/index.php\/leistungssprektrum\/moore-und-suempfe\/gebietsanalyse-und-monitoring\/","og_locale":"de_DE","og_type":"article","og_title":"Gebietsanalyse und Monitoring - Ingenieurb\u00fcro Dr. Kapfer","og_description":"Monitoring \u00a0 Aufgabenstellung Fragen der Auswirkungen bestimmter Ma\u00dfnahmen und Projekte auf ihr Umfeld oder bestimmte Zielgr\u00f6\u00dfen werden im Hinblick auf deren rechtssichere Abwicklung, den effizienten Mitteleinsatz, den spezifischen Erfolg sowie nicht zuletzt die gesellschaftlichen Akzeptanz immer wichtiger. So stellt z. B. die hydrologische Beweissicherung im Rahmen von wasserbaulichen Ma\u00dfnahmen, vor allem aber bei der komplexen&hellip; Gebietsanalyse und Monitoring weiterlesen","og_url":"https:\/\/dr-kapfer.fixfox.me\/index.php\/leistungssprektrum\/moore-und-suempfe\/gebietsanalyse-und-monitoring\/","og_site_name":"Ingenieurb\u00fcro Dr. Kapfer","article_modified_time":"2023-07-21T16:14:21+00:00","twitter_card":"summary_large_image","twitter_misc":{"Gesch\u00e4tzte Lesezeit":"2\u00a0Minuten"},"schema":{"@context":"https:\/\/schema.org","@graph":[{"@type":"WebPage","@id":"https:\/\/dr-kapfer.fixfox.me\/index.php\/leistungssprektrum\/moore-und-suempfe\/gebietsanalyse-und-monitoring\/","url":"https:\/\/dr-kapfer.fixfox.me\/index.php\/leistungssprektrum\/moore-und-suempfe\/gebietsanalyse-und-monitoring\/","name":"Gebietsanalyse und Monitoring - Ingenieurb\u00fcro Dr. Kapfer","isPartOf":{"@id":"https:\/\/dr-kapfer.fixfox.me\/#website"},"datePublished":"2023-07-19T04:36:35+00:00","dateModified":"2023-07-21T16:14:21+00:00","breadcrumb":{"@id":"https:\/\/dr-kapfer.fixfox.me\/index.php\/leistungssprektrum\/moore-und-suempfe\/gebietsanalyse-und-monitoring\/#breadcrumb"},"inLanguage":"de","potentialAction":[{"@type":"ReadAction","target":["https:\/\/dr-kapfer.fixfox.me\/index.php\/leistungssprektrum\/moore-und-suempfe\/gebietsanalyse-und-monitoring\/"]}]},{"@type":"BreadcrumbList","@id":"https:\/\/dr-kapfer.fixfox.me\/index.php\/leistungssprektrum\/moore-und-suempfe\/gebietsanalyse-und-monitoring\/#breadcrumb","itemListElement":[{"@type":"ListItem","position":1,"name":"Startseite","item":"https:\/\/dr-kapfer.fixfox.me\/"},{"@type":"ListItem","position":2,"name":"Leistungsspektrum","item":"https:\/\/dr-kapfer.fixfox.me\/index.php\/leistungssprektrum\/"},{"@type":"ListItem","position":3,"name":"Moore und S\u00fcmpfe","item":"https:\/\/dr-kapfer.fixfox.me\/index.php\/leistungssprektrum\/moore-und-suempfe\/"},{"@type":"ListItem","position":4,"name":"Gebietsanalyse und Monitoring"}]},{"@type":"WebSite","@id":"https:\/\/dr-kapfer.fixfox.me\/#website","url":"https:\/\/dr-kapfer.fixfox.me\/","name":"Ingenieurb\u00fcro Dr. Kapfer","description":"Landschaftsplanung und Landentwicklung","publisher":{"@id":"https:\/\/dr-kapfer.fixfox.me\/#organization"},"potentialAction":[{"@type":"SearchAction","target":{"@type":"EntryPoint","urlTemplate":"https:\/\/dr-kapfer.fixfox.me\/?s={search_term_string}"},"query-input":"required name=search_term_string"}],"inLanguage":"de"},{"@type":"Organization","@id":"https:\/\/dr-kapfer.fixfox.me\/#organization","name":"Ingenieurb\u00fcro Dr. Kapfer","url":"https:\/\/dr-kapfer.fixfox.me\/","logo":{"@type":"ImageObject","inLanguage":"de","@id":"https:\/\/dr-kapfer.fixfox.me\/#\/schema\/logo\/image\/","url":"https:\/\/dr-kapfer.fixfox.me\/wp-content\/uploads\/2023\/07\/logo-ingenieurbuero-dr-kapfer.png","contentUrl":"https:\/\/dr-kapfer.fixfox.me\/wp-content\/uploads\/2023\/07\/logo-ingenieurbuero-dr-kapfer.png","width":659,"height":642,"caption":"Ingenieurb\u00fcro Dr. Kapfer"},"image":{"@id":"https:\/\/dr-kapfer.fixfox.me\/#\/schema\/logo\/image\/"}}]}},"_links":{"self":[{"href":"https:\/\/dr-kapfer.fixfox.me\/index.php\/wp-json\/wp\/v2\/pages\/829","targetHints":{"allow":["GET"]}}],"collection":[{"href":"https:\/\/dr-kapfer.fixfox.me\/index.php\/wp-json\/wp\/v2\/pages"}],"about":[{"href":"https:\/\/dr-kapfer.fixfox.me\/index.php\/wp-json\/wp\/v2\/types\/page"}],"author":[{"embeddable":true,"href":"https:\/\/dr-kapfer.fixfox.me\/index.php\/wp-json\/wp\/v2\/users\/1"}],"replies":[{"embeddable":true,"href":"https:\/\/dr-kapfer.fixfox.me\/index.php\/wp-json\/wp\/v2\/comments?post=829"}],"version-history":[{"count":51,"href":"https:\/\/dr-kapfer.fixfox.me\/index.php\/wp-json\/wp\/v2\/pages\/829\/revisions"}],"predecessor-version":[{"id":881,"href":"https:\/\/dr-kapfer.fixfox.me\/index.php\/wp-json\/wp\/v2\/pages\/829\/revisions\/881"}],"up":[{"embeddable":true,"href":"https:\/\/dr-kapfer.fixfox.me\/index.php\/wp-json\/wp\/v2\/pages\/708"}],"wp:attachment":[{"href":"https:\/\/dr-kapfer.fixfox.me\/index.php\/wp-json\/wp\/v2\/media?parent=829"}],"curies":[{"name":"wp","href":"https:\/\/api.w.org\/{rel}","templated":true}]}}