{"id":438,"date":"2023-07-19T04:36:35","date_gmt":"2023-07-19T04:36:35","guid":{"rendered":"https:\/\/dr-kapfer.fixfox.me\/index.php\/buero\/ausstattung-2\/"},"modified":"2023-07-21T10:53:15","modified_gmt":"2023-07-21T10:53:15","slug":"entwicklungsplanung","status":"publish","type":"page","link":"https:\/\/dr-kapfer.fixfox.me\/index.php\/leistungssprektrum\/moore-und-suempfe\/entwicklungsplanung\/","title":{"rendered":"Entwicklungsplanung"},"content":{"rendered":"\t\t<div data-elementor-type=\"wp-page\" data-elementor-id=\"438\" class=\"elementor elementor-438\" data-elementor-post-type=\"page\">\n\t\t\t\t\t\t\t\t\t<section class=\"elementor-section elementor-top-section elementor-element elementor-element-1329d757 elementor-section-boxed elementor-section-height-default elementor-section-height-default\" data-id=\"1329d757\" data-element_type=\"section\">\n\t\t\t\t\t\t<div class=\"elementor-container elementor-column-gap-default\">\n\t\t\t\t\t<div class=\"elementor-column elementor-col-100 elementor-top-column elementor-element elementor-element-5a79a2ae\" data-id=\"5a79a2ae\" data-element_type=\"column\">\n\t\t\t<div class=\"elementor-widget-wrap elementor-element-populated\">\n\t\t\t\t\t\t\t\t<div class=\"elementor-element elementor-element-71e32654 elementor-widget elementor-widget-text-editor\" data-id=\"71e32654\" data-element_type=\"widget\" data-widget_type=\"text-editor.default\">\n\t\t\t\t<div class=\"elementor-widget-container\">\n\t\t\t<style>\/*! elementor - v3.16.0 - 09-10-2023 *\/\n.elementor-widget-text-editor.elementor-drop-cap-view-stacked .elementor-drop-cap{background-color:#69727d;color:#fff}.elementor-widget-text-editor.elementor-drop-cap-view-framed .elementor-drop-cap{color:#69727d;border:3px solid;background-color:transparent}.elementor-widget-text-editor:not(.elementor-drop-cap-view-default) .elementor-drop-cap{margin-top:8px}.elementor-widget-text-editor:not(.elementor-drop-cap-view-default) .elementor-drop-cap-letter{width:1em;height:1em}.elementor-widget-text-editor .elementor-drop-cap{float:left;text-align:center;line-height:1;font-size:50px}.elementor-widget-text-editor .elementor-drop-cap-letter{display:inline-block}<\/style>\t\t\t\t<p><!-- wp:paragraph --><\/p><h2 class=\"ce_headline first\">Landentwicklung von Auen- und Moorlandschaften<\/h2><div class=\"ce_text block\"><p>\u00a0<\/p><h3 class=\"text_blau\">Aufgabenstellung<\/h3><p>Die nachhaltige Sicherung und Entwicklung von ehemals nur extensiv genutzten, meist durch eine hohe Biodiversit\u00e4t gekennzeichneten Kulturlandschaften bzw. Landschaftsr\u00e4ume wie Auen- und Moorlandschaften, aber auch Mittelgebirgslandschaften mit noch gro\u00dffl\u00e4chig erhaltenem Mager-Gr\u00fcnland (Blumenwiesen, Blumenweiden, Magerrasen) stellt besonders hohe planerische Anforderungen. Kennzeichnend f\u00fcr diese Projekte sind eine hohe Komplexit\u00e4t der \u00f6kologischen, \u00f6konomischen und sozialen Bestimmungsfaktoren bei hoher Empfindlichkeit des Systems.<\/p><\/div><div class=\"ce_text block\"><p>\u00a0<\/p><h3 class=\"text_blau\">Leistungen<\/h3><p>Um diesen Anforderungen gerecht zu werden, ist unsere Arbeitsweise nicht \u201esektoral&#8220;, sondern \u201eganzheitlich-systemar&#8220; ausgerichtet. Nicht nur durch blo\u00dfe Information, sondern durch aktive Einbeziehung der Beteiligten, vor allem als Landnutzer, von Projektbeginn an, sch\u00f6pfen wir vor Ort vorhandene Potenziale aus und gew\u00e4hrleisten so eine realistische Umsetzung.<\/p><ul><li>Projektskizzen<\/li><li>Machbarkeitsstudien \/ Vorstudien<\/li><li>Landschaftsgeschichtliche Archivarbeit<\/li><li>Bestandserfassungen Standort, Arten, Lebensr\u00e4ume<\/li><li>Projektbegleitende Arbeitsgruppen \/ Landwerkstatt \/ Flurwerkstatt<\/li><li>Zielkonzepte Flurneuordnung<\/li><li>Zielkonzepte Wasserwirtschaft<\/li><li>Biotopvernetzungskonzepte<\/li><li>Naturschutzfachliche Pflege- und Entwicklungspl\u00e4ne<\/li><li>FFH-Managementpl\u00e4ne<\/li><\/ul><\/div><div class=\"ce_text block\"><p>\u00a0<\/p><h3 class=\"text_blau\">Referenzen<\/h3><p>Landschaftsentwicklung Zielkonzept geplante Flurneuordnungen Pfaffenhofen, Unterth\u00fcrheim, Oberth\u00fcrheim (Landkreis Dillingen a. d. Donau) mit Donauried-Randsenke.\u00a0<\/p><h6>Amt f\u00fcr L\u00e4ndliche Entwicklung Schwaben, Krumbach (Schwaben), 2007 \u2013 2009.<\/h6><p>\u00a0<\/p><p>Landschaftsentwicklung Zielkonzept geplante Flurneuordnung<\/p><h6>Lauterbach (Landkreis Dillingen a. d. Donau) mit Teilen des Zusamried. Amt f\u00fcr L\u00e4ndliche Entwicklung Schwaben, Krumbach (Schwaben), 2006 \u2013 2007.<\/h6><p>\u00a0<\/p><p>Machbarkeitsstudie Flussverzweigung Hegauer Aach Singen-Hausen (Landkreis Konstanz)<\/p><h6>Stadt Singen\/Hohentwiel, 2006.<\/h6><p>\u00a0<\/p><p>Pflege- und Entwicklungsplan Naturschutzgro\u00dfprojekt Pfrunger-Burgweiler Ried (Landkreise Sigmaringen und Ravensburg).\u00a0<\/p><h6>Stiftung Naturschutz Pfrunger-Burgweiler Ried, 2003 \u2013 2004.<\/h6><p>\u00a0<\/p><p>Pflege- und Entwicklungsplan \u201eBlitzenreuter Seenplatte&#8220; (Landkreis Ravensburg).\u00a0<\/p><h6>ProRegion Oberschwaben Gesellschaft f\u00fcr Landschaftsentwicklung GmbH, Ravensburg, 2002 \u2013 2003.<\/h6><p>\u00a0<\/p><p>Projektskizze PLENUM \u201eHohe Alb&#8220; (Landkreise Sigmaringen, Tuttlingen, Zollernalb).\u00a0<\/p><h6>Landkreis Sigmaringen, 2001-2002.<\/h6><p>\u00a0<\/p><p>Pflege- und Entwicklungsplan Dattenhauser Ried (Landkreis Dillingen a. d. Donau).\u00a0<\/p><h6>Direktion f\u00fcr L\u00e4ndliche Entwicklung, Krumbach (Schwaben), 2000 \u2013 2001.<\/h6><p>\u00a0<\/p><p>Biotopverbundplanung Donauaue Tuttlingen-Ludwigstal (Landkreis Tuttlingen).\u00a0<\/p><h6>Stadt Tuttlingen, 2000.<\/h6><p>\u00a0<\/p><p>Langfristiges Entwicklungskonzept f\u00fcr den Polder Altenheim (Landkreis Offenburg).\u00a0<\/p><h6>Gew\u00e4sserdirektion S\u00fcdlicher Oberrhein\/Hochrhein, 1995-1997 (in Kooperation mit ILN B\u00fchl).<\/h6><p>\u00a0<\/p><p>Wasserwirtschaftlich-\u00f6kologisches Entwicklungskonzept (W\u00d6K) Hegauer \/ Radolfzeller Aach (Landkreis Konstanz).\u00a0<\/p><h6>Regierungspr\u00e4sidium Freiburg und Bezirksstelle f\u00fcr Naturschutz und Landschaftspflege Freiburg, 1989-1994 (als Leiter des ILN Singen).<\/h6><p>\u00a0<\/p><p>Landschafts\u00f6kologisches Gesamtkonzept zur Sanierung des Leutkircher Stadtweihers (Landkreis Ravensburg).\u00a0<\/p><h6>Gro\u00dfe Kreisstadt Leutkirch im Allg\u00e4u, 1989 \u2013 1991 (als Leiter des ILN Singen).<\/h6><\/div><p><!-- \/wp:paragraph --><\/p>\t\t\t\t\t\t<\/div>\n\t\t\t\t<\/div>\n\t\t\t\t\t<\/div>\n\t\t<\/div>\n\t\t\t\t\t\t\t<\/div>\n\t\t<\/section>\n\t\t\t\t\t\t\t<\/div>\n\t\t","protected":false},"excerpt":{"rendered":"<p>Landentwicklung von Auen- und Moorlandschaften \u00a0 Aufgabenstellung Die nachhaltige Sicherung und Entwicklung von ehemals nur extensiv genutzten, meist durch eine hohe Biodiversit\u00e4t gekennzeichneten Kulturlandschaften bzw. Landschaftsr\u00e4ume wie Auen- und Moorlandschaften, aber auch Mittelgebirgslandschaften mit noch gro\u00dffl\u00e4chig erhaltenem Mager-Gr\u00fcnland (Blumenwiesen, Blumenweiden, Magerrasen) stellt besonders hohe planerische Anforderungen. Kennzeichnend f\u00fcr diese Projekte sind eine hohe Komplexit\u00e4t der&hellip; <a class=\"more-link\" href=\"https:\/\/dr-kapfer.fixfox.me\/index.php\/leistungssprektrum\/moore-und-suempfe\/entwicklungsplanung\/\"><span class=\"screen-reader-text\">Entwicklungsplanung<\/span> weiterlesen<\/a><\/p>\n","protected":false},"author":1,"featured_media":0,"parent":708,"menu_order":1,"comment_status":"closed","ping_status":"closed","template":"elementor_header_footer","meta":{"footnotes":""},"class_list":["post-438","page","type-page","status-publish","hentry","entry"],"yoast_head":"<!-- This site is optimized with the Yoast SEO plugin v21.4 - https:\/\/yoast.com\/wordpress\/plugins\/seo\/ -->\n<title>Entwicklungsplanung - Ingenieurb\u00fcro Dr. Kapfer<\/title>\n<meta name=\"robots\" content=\"index, follow, max-snippet:-1, max-image-preview:large, max-video-preview:-1\" \/>\n<link rel=\"canonical\" href=\"https:\/\/dr-kapfer.fixfox.me\/index.php\/leistungssprektrum\/moore-und-suempfe\/entwicklungsplanung\/\" \/>\n<meta property=\"og:locale\" content=\"de_DE\" \/>\n<meta property=\"og:type\" content=\"article\" \/>\n<meta property=\"og:title\" content=\"Entwicklungsplanung - Ingenieurb\u00fcro Dr. Kapfer\" \/>\n<meta property=\"og:description\" content=\"Landentwicklung von Auen- und Moorlandschaften \u00a0 Aufgabenstellung Die nachhaltige Sicherung und Entwicklung von ehemals nur extensiv genutzten, meist durch eine hohe Biodiversit\u00e4t gekennzeichneten Kulturlandschaften bzw. Landschaftsr\u00e4ume wie Auen- und Moorlandschaften, aber auch Mittelgebirgslandschaften mit noch gro\u00dffl\u00e4chig erhaltenem Mager-Gr\u00fcnland (Blumenwiesen, Blumenweiden, Magerrasen) stellt besonders hohe planerische Anforderungen. Kennzeichnend f\u00fcr diese Projekte sind eine hohe Komplexit\u00e4t der&hellip; Entwicklungsplanung weiterlesen\" \/>\n<meta property=\"og:url\" content=\"https:\/\/dr-kapfer.fixfox.me\/index.php\/leistungssprektrum\/moore-und-suempfe\/entwicklungsplanung\/\" \/>\n<meta property=\"og:site_name\" content=\"Ingenieurb\u00fcro Dr. Kapfer\" \/>\n<meta property=\"article:modified_time\" content=\"2023-07-21T10:53:15+00:00\" \/>\n<meta name=\"twitter:card\" content=\"summary_large_image\" \/>\n<meta name=\"twitter:label1\" content=\"Gesch\u00e4tzte Lesezeit\" \/>\n\t<meta name=\"twitter:data1\" content=\"2\u00a0Minuten\" \/>\n<script type=\"application\/ld+json\" class=\"yoast-schema-graph\">{\"@context\":\"https:\/\/schema.org\",\"@graph\":[{\"@type\":\"WebPage\",\"@id\":\"https:\/\/dr-kapfer.fixfox.me\/index.php\/leistungssprektrum\/moore-und-suempfe\/entwicklungsplanung\/\",\"url\":\"https:\/\/dr-kapfer.fixfox.me\/index.php\/leistungssprektrum\/moore-und-suempfe\/entwicklungsplanung\/\",\"name\":\"Entwicklungsplanung - Ingenieurb\u00fcro Dr. Kapfer\",\"isPartOf\":{\"@id\":\"https:\/\/dr-kapfer.fixfox.me\/#website\"},\"datePublished\":\"2023-07-19T04:36:35+00:00\",\"dateModified\":\"2023-07-21T10:53:15+00:00\",\"breadcrumb\":{\"@id\":\"https:\/\/dr-kapfer.fixfox.me\/index.php\/leistungssprektrum\/moore-und-suempfe\/entwicklungsplanung\/#breadcrumb\"},\"inLanguage\":\"de\",\"potentialAction\":[{\"@type\":\"ReadAction\",\"target\":[\"https:\/\/dr-kapfer.fixfox.me\/index.php\/leistungssprektrum\/moore-und-suempfe\/entwicklungsplanung\/\"]}]},{\"@type\":\"BreadcrumbList\",\"@id\":\"https:\/\/dr-kapfer.fixfox.me\/index.php\/leistungssprektrum\/moore-und-suempfe\/entwicklungsplanung\/#breadcrumb\",\"itemListElement\":[{\"@type\":\"ListItem\",\"position\":1,\"name\":\"Startseite\",\"item\":\"https:\/\/dr-kapfer.fixfox.me\/\"},{\"@type\":\"ListItem\",\"position\":2,\"name\":\"Leistungsspektrum\",\"item\":\"https:\/\/dr-kapfer.fixfox.me\/index.php\/leistungssprektrum\/\"},{\"@type\":\"ListItem\",\"position\":3,\"name\":\"Moore und S\u00fcmpfe\",\"item\":\"https:\/\/dr-kapfer.fixfox.me\/index.php\/leistungssprektrum\/moore-und-suempfe\/\"},{\"@type\":\"ListItem\",\"position\":4,\"name\":\"Entwicklungsplanung\"}]},{\"@type\":\"WebSite\",\"@id\":\"https:\/\/dr-kapfer.fixfox.me\/#website\",\"url\":\"https:\/\/dr-kapfer.fixfox.me\/\",\"name\":\"Ingenieurb\u00fcro Dr. Kapfer\",\"description\":\"Landschaftsplanung und Landentwicklung\",\"publisher\":{\"@id\":\"https:\/\/dr-kapfer.fixfox.me\/#organization\"},\"potentialAction\":[{\"@type\":\"SearchAction\",\"target\":{\"@type\":\"EntryPoint\",\"urlTemplate\":\"https:\/\/dr-kapfer.fixfox.me\/?s={search_term_string}\"},\"query-input\":\"required name=search_term_string\"}],\"inLanguage\":\"de\"},{\"@type\":\"Organization\",\"@id\":\"https:\/\/dr-kapfer.fixfox.me\/#organization\",\"name\":\"Ingenieurb\u00fcro Dr. Kapfer\",\"url\":\"https:\/\/dr-kapfer.fixfox.me\/\",\"logo\":{\"@type\":\"ImageObject\",\"inLanguage\":\"de\",\"@id\":\"https:\/\/dr-kapfer.fixfox.me\/#\/schema\/logo\/image\/\",\"url\":\"https:\/\/dr-kapfer.fixfox.me\/wp-content\/uploads\/2023\/07\/logo-ingenieurbuero-dr-kapfer.png\",\"contentUrl\":\"https:\/\/dr-kapfer.fixfox.me\/wp-content\/uploads\/2023\/07\/logo-ingenieurbuero-dr-kapfer.png\",\"width\":659,\"height\":642,\"caption\":\"Ingenieurb\u00fcro Dr. Kapfer\"},\"image\":{\"@id\":\"https:\/\/dr-kapfer.fixfox.me\/#\/schema\/logo\/image\/\"}}]}<\/script>\n<!-- \/ Yoast SEO plugin. -->","yoast_head_json":{"title":"Entwicklungsplanung - Ingenieurb\u00fcro Dr. Kapfer","robots":{"index":"index","follow":"follow","max-snippet":"max-snippet:-1","max-image-preview":"max-image-preview:large","max-video-preview":"max-video-preview:-1"},"canonical":"https:\/\/dr-kapfer.fixfox.me\/index.php\/leistungssprektrum\/moore-und-suempfe\/entwicklungsplanung\/","og_locale":"de_DE","og_type":"article","og_title":"Entwicklungsplanung - Ingenieurb\u00fcro Dr. Kapfer","og_description":"Landentwicklung von Auen- und Moorlandschaften \u00a0 Aufgabenstellung Die nachhaltige Sicherung und Entwicklung von ehemals nur extensiv genutzten, meist durch eine hohe Biodiversit\u00e4t gekennzeichneten Kulturlandschaften bzw. Landschaftsr\u00e4ume wie Auen- und Moorlandschaften, aber auch Mittelgebirgslandschaften mit noch gro\u00dffl\u00e4chig erhaltenem Mager-Gr\u00fcnland (Blumenwiesen, Blumenweiden, Magerrasen) stellt besonders hohe planerische Anforderungen. Kennzeichnend f\u00fcr diese Projekte sind eine hohe Komplexit\u00e4t der&hellip; Entwicklungsplanung weiterlesen","og_url":"https:\/\/dr-kapfer.fixfox.me\/index.php\/leistungssprektrum\/moore-und-suempfe\/entwicklungsplanung\/","og_site_name":"Ingenieurb\u00fcro Dr. Kapfer","article_modified_time":"2023-07-21T10:53:15+00:00","twitter_card":"summary_large_image","twitter_misc":{"Gesch\u00e4tzte Lesezeit":"2\u00a0Minuten"},"schema":{"@context":"https:\/\/schema.org","@graph":[{"@type":"WebPage","@id":"https:\/\/dr-kapfer.fixfox.me\/index.php\/leistungssprektrum\/moore-und-suempfe\/entwicklungsplanung\/","url":"https:\/\/dr-kapfer.fixfox.me\/index.php\/leistungssprektrum\/moore-und-suempfe\/entwicklungsplanung\/","name":"Entwicklungsplanung - Ingenieurb\u00fcro Dr. Kapfer","isPartOf":{"@id":"https:\/\/dr-kapfer.fixfox.me\/#website"},"datePublished":"2023-07-19T04:36:35+00:00","dateModified":"2023-07-21T10:53:15+00:00","breadcrumb":{"@id":"https:\/\/dr-kapfer.fixfox.me\/index.php\/leistungssprektrum\/moore-und-suempfe\/entwicklungsplanung\/#breadcrumb"},"inLanguage":"de","potentialAction":[{"@type":"ReadAction","target":["https:\/\/dr-kapfer.fixfox.me\/index.php\/leistungssprektrum\/moore-und-suempfe\/entwicklungsplanung\/"]}]},{"@type":"BreadcrumbList","@id":"https:\/\/dr-kapfer.fixfox.me\/index.php\/leistungssprektrum\/moore-und-suempfe\/entwicklungsplanung\/#breadcrumb","itemListElement":[{"@type":"ListItem","position":1,"name":"Startseite","item":"https:\/\/dr-kapfer.fixfox.me\/"},{"@type":"ListItem","position":2,"name":"Leistungsspektrum","item":"https:\/\/dr-kapfer.fixfox.me\/index.php\/leistungssprektrum\/"},{"@type":"ListItem","position":3,"name":"Moore und S\u00fcmpfe","item":"https:\/\/dr-kapfer.fixfox.me\/index.php\/leistungssprektrum\/moore-und-suempfe\/"},{"@type":"ListItem","position":4,"name":"Entwicklungsplanung"}]},{"@type":"WebSite","@id":"https:\/\/dr-kapfer.fixfox.me\/#website","url":"https:\/\/dr-kapfer.fixfox.me\/","name":"Ingenieurb\u00fcro Dr. Kapfer","description":"Landschaftsplanung und Landentwicklung","publisher":{"@id":"https:\/\/dr-kapfer.fixfox.me\/#organization"},"potentialAction":[{"@type":"SearchAction","target":{"@type":"EntryPoint","urlTemplate":"https:\/\/dr-kapfer.fixfox.me\/?s={search_term_string}"},"query-input":"required name=search_term_string"}],"inLanguage":"de"},{"@type":"Organization","@id":"https:\/\/dr-kapfer.fixfox.me\/#organization","name":"Ingenieurb\u00fcro Dr. Kapfer","url":"https:\/\/dr-kapfer.fixfox.me\/","logo":{"@type":"ImageObject","inLanguage":"de","@id":"https:\/\/dr-kapfer.fixfox.me\/#\/schema\/logo\/image\/","url":"https:\/\/dr-kapfer.fixfox.me\/wp-content\/uploads\/2023\/07\/logo-ingenieurbuero-dr-kapfer.png","contentUrl":"https:\/\/dr-kapfer.fixfox.me\/wp-content\/uploads\/2023\/07\/logo-ingenieurbuero-dr-kapfer.png","width":659,"height":642,"caption":"Ingenieurb\u00fcro Dr. Kapfer"},"image":{"@id":"https:\/\/dr-kapfer.fixfox.me\/#\/schema\/logo\/image\/"}}]}},"_links":{"self":[{"href":"https:\/\/dr-kapfer.fixfox.me\/index.php\/wp-json\/wp\/v2\/pages\/438","targetHints":{"allow":["GET"]}}],"collection":[{"href":"https:\/\/dr-kapfer.fixfox.me\/index.php\/wp-json\/wp\/v2\/pages"}],"about":[{"href":"https:\/\/dr-kapfer.fixfox.me\/index.php\/wp-json\/wp\/v2\/types\/page"}],"author":[{"embeddable":true,"href":"https:\/\/dr-kapfer.fixfox.me\/index.php\/wp-json\/wp\/v2\/users\/1"}],"replies":[{"embeddable":true,"href":"https:\/\/dr-kapfer.fixfox.me\/index.php\/wp-json\/wp\/v2\/comments?post=438"}],"version-history":[{"count":44,"href":"https:\/\/dr-kapfer.fixfox.me\/index.php\/wp-json\/wp\/v2\/pages\/438\/revisions"}],"predecessor-version":[{"id":486,"href":"https:\/\/dr-kapfer.fixfox.me\/index.php\/wp-json\/wp\/v2\/pages\/438\/revisions\/486"}],"up":[{"embeddable":true,"href":"https:\/\/dr-kapfer.fixfox.me\/index.php\/wp-json\/wp\/v2\/pages\/708"}],"wp:attachment":[{"href":"https:\/\/dr-kapfer.fixfox.me\/index.php\/wp-json\/wp\/v2\/media?parent=438"}],"curies":[{"name":"wp","href":"https:\/\/api.w.org\/{rel}","templated":true}]}}