{"id":141,"date":"2023-07-19T04:36:35","date_gmt":"2023-07-19T04:36:35","guid":{"rendered":"https:\/\/dr-kapfer.fixfox.me\/index.php\/sample-page-3\/"},"modified":"2023-07-26T07:44:32","modified_gmt":"2023-07-26T07:44:32","slug":"struktur","status":"publish","type":"page","link":"https:\/\/dr-kapfer.fixfox.me\/index.php\/buero\/struktur\/","title":{"rendered":"Struktur"},"content":{"rendered":"\t\t<div data-elementor-type=\"wp-page\" data-elementor-id=\"141\" class=\"elementor elementor-141\" data-elementor-post-type=\"page\">\n\t\t\t\t\t\t\t\t\t<section class=\"elementor-section elementor-top-section elementor-element elementor-element-1329d757 elementor-section-boxed elementor-section-height-default elementor-section-height-default\" data-id=\"1329d757\" data-element_type=\"section\">\n\t\t\t\t\t\t<div class=\"elementor-container elementor-column-gap-default\">\n\t\t\t\t\t<div class=\"elementor-column elementor-col-100 elementor-top-column elementor-element elementor-element-5a79a2ae\" data-id=\"5a79a2ae\" data-element_type=\"column\">\n\t\t\t<div class=\"elementor-widget-wrap elementor-element-populated\">\n\t\t\t\t\t\t\t\t<div class=\"elementor-element elementor-element-71e32654 elementor-widget elementor-widget-text-editor\" data-id=\"71e32654\" data-element_type=\"widget\" data-widget_type=\"text-editor.default\">\n\t\t\t\t<div class=\"elementor-widget-container\">\n\t\t\t<style>\/*! elementor - v3.16.0 - 09-10-2023 *\/\n.elementor-widget-text-editor.elementor-drop-cap-view-stacked .elementor-drop-cap{background-color:#69727d;color:#fff}.elementor-widget-text-editor.elementor-drop-cap-view-framed .elementor-drop-cap{color:#69727d;border:3px solid;background-color:transparent}.elementor-widget-text-editor:not(.elementor-drop-cap-view-default) .elementor-drop-cap{margin-top:8px}.elementor-widget-text-editor:not(.elementor-drop-cap-view-default) .elementor-drop-cap-letter{width:1em;height:1em}.elementor-widget-text-editor .elementor-drop-cap{float:left;text-align:center;line-height:1;font-size:50px}.elementor-widget-text-editor .elementor-drop-cap-letter{display:inline-block}<\/style>\t\t\t\t<h2>Struktur<\/h2><p>Unser B\u00fcro wurde 1994 von Dipl.-Ing. Dr. Alois Kapfer gegr\u00fcndet. Es besteht aus einem Kernteam von 3 bis 4 festen Mitarbeitern, das auftragsbezogen durch teils langj\u00e4hrig mit uns verbundene Spezialisten und Spezialb\u00fcros partnerschaftlich erg\u00e4nzt wird.<\/p><p>Langj\u00e4hrige Planungskompetenz im l\u00e4ndlichen Raum, breiter landschafts\u00f6kologischer Ansatz, starke Umsetzungsorientierung und Bodenst\u00e4ndigkeit, gepaart mit Zuverl\u00e4ssigkeit, Termintreue und Aufgeschlossenheit, sowie modernste technische Ausstattung z\u00e4hlen zu unseren St\u00e4rken.<\/p><p>Unser Leistungsspektrum ist umfassend. Es reicht von der innovativen Ideenskizze \u00fcber die fundierte Bestandserfassung, das ausgereifte Konzept, die konkrete Entwurfs- und Ausf\u00fchrungsplanung, die fachgerechte \u00f6ffentliche Ausschreibung, die verl\u00e4ssliche Bau\u00fcberwachung und die pr\u00e4zise Erfolgskontrolle bis hin zum souver\u00e4nen Projektmanagement.<\/p>\t\t\t\t\t\t<\/div>\n\t\t\t\t<\/div>\n\t\t\t\t\t<\/div>\n\t\t<\/div>\n\t\t\t\t\t\t\t<\/div>\n\t\t<\/section>\n\t\t\t\t\t\t\t<\/div>\n\t\t","protected":false},"excerpt":{"rendered":"<p>Struktur Unser B\u00fcro wurde 1994 von Dipl.-Ing. Dr. Alois Kapfer gegr\u00fcndet. Es besteht aus einem Kernteam von 3 bis 4 festen Mitarbeitern, das auftragsbezogen durch teils langj\u00e4hrig mit uns verbundene Spezialisten und Spezialb\u00fcros partnerschaftlich erg\u00e4nzt wird. Langj\u00e4hrige Planungskompetenz im l\u00e4ndlichen Raum, breiter landschafts\u00f6kologischer Ansatz, starke Umsetzungsorientierung und Bodenst\u00e4ndigkeit, gepaart mit Zuverl\u00e4ssigkeit, Termintreue und Aufgeschlossenheit, sowie&hellip; <a class=\"more-link\" href=\"https:\/\/dr-kapfer.fixfox.me\/index.php\/buero\/struktur\/\"><span class=\"screen-reader-text\">Struktur<\/span> weiterlesen<\/a><\/p>\n","protected":false},"author":1,"featured_media":0,"parent":102,"menu_order":1,"comment_status":"closed","ping_status":"closed","template":"elementor_header_footer","meta":{"footnotes":""},"class_list":["post-141","page","type-page","status-publish","hentry","entry"],"yoast_head":"<!-- This site is optimized with the Yoast SEO plugin v21.4 - https:\/\/yoast.com\/wordpress\/plugins\/seo\/ -->\n<title>Struktur - Ingenieurb\u00fcro Dr. Kapfer<\/title>\n<meta name=\"robots\" content=\"index, follow, max-snippet:-1, max-image-preview:large, max-video-preview:-1\" \/>\n<link rel=\"canonical\" href=\"https:\/\/dr-kapfer.fixfox.me\/index.php\/buero\/struktur\/\" \/>\n<meta property=\"og:locale\" content=\"de_DE\" \/>\n<meta property=\"og:type\" content=\"article\" \/>\n<meta property=\"og:title\" content=\"Struktur - Ingenieurb\u00fcro Dr. Kapfer\" \/>\n<meta property=\"og:description\" content=\"Struktur Unser B\u00fcro wurde 1994 von Dipl.-Ing. Dr. Alois Kapfer gegr\u00fcndet. Es besteht aus einem Kernteam von 3 bis 4 festen Mitarbeitern, das auftragsbezogen durch teils langj\u00e4hrig mit uns verbundene Spezialisten und Spezialb\u00fcros partnerschaftlich erg\u00e4nzt wird. Langj\u00e4hrige Planungskompetenz im l\u00e4ndlichen Raum, breiter landschafts\u00f6kologischer Ansatz, starke Umsetzungsorientierung und Bodenst\u00e4ndigkeit, gepaart mit Zuverl\u00e4ssigkeit, Termintreue und Aufgeschlossenheit, sowie&hellip; Struktur weiterlesen\" \/>\n<meta property=\"og:url\" content=\"https:\/\/dr-kapfer.fixfox.me\/index.php\/buero\/struktur\/\" \/>\n<meta property=\"og:site_name\" content=\"Ingenieurb\u00fcro Dr. Kapfer\" \/>\n<meta property=\"article:modified_time\" content=\"2023-07-26T07:44:32+00:00\" \/>\n<meta name=\"twitter:card\" content=\"summary_large_image\" \/>\n<meta name=\"twitter:label1\" content=\"Gesch\u00e4tzte Lesezeit\" \/>\n\t<meta name=\"twitter:data1\" content=\"1\u00a0Minute\" \/>\n<script type=\"application\/ld+json\" class=\"yoast-schema-graph\">{\"@context\":\"https:\/\/schema.org\",\"@graph\":[{\"@type\":\"WebPage\",\"@id\":\"https:\/\/dr-kapfer.fixfox.me\/index.php\/buero\/struktur\/\",\"url\":\"https:\/\/dr-kapfer.fixfox.me\/index.php\/buero\/struktur\/\",\"name\":\"Struktur - Ingenieurb\u00fcro Dr. Kapfer\",\"isPartOf\":{\"@id\":\"https:\/\/dr-kapfer.fixfox.me\/#website\"},\"datePublished\":\"2023-07-19T04:36:35+00:00\",\"dateModified\":\"2023-07-26T07:44:32+00:00\",\"breadcrumb\":{\"@id\":\"https:\/\/dr-kapfer.fixfox.me\/index.php\/buero\/struktur\/#breadcrumb\"},\"inLanguage\":\"de\",\"potentialAction\":[{\"@type\":\"ReadAction\",\"target\":[\"https:\/\/dr-kapfer.fixfox.me\/index.php\/buero\/struktur\/\"]}]},{\"@type\":\"BreadcrumbList\",\"@id\":\"https:\/\/dr-kapfer.fixfox.me\/index.php\/buero\/struktur\/#breadcrumb\",\"itemListElement\":[{\"@type\":\"ListItem\",\"position\":1,\"name\":\"Startseite\",\"item\":\"https:\/\/dr-kapfer.fixfox.me\/\"},{\"@type\":\"ListItem\",\"position\":2,\"name\":\"B\u00fcro\",\"item\":\"https:\/\/dr-kapfer.fixfox.me\/index.php\/buero\/\"},{\"@type\":\"ListItem\",\"position\":3,\"name\":\"Struktur\"}]},{\"@type\":\"WebSite\",\"@id\":\"https:\/\/dr-kapfer.fixfox.me\/#website\",\"url\":\"https:\/\/dr-kapfer.fixfox.me\/\",\"name\":\"Ingenieurb\u00fcro Dr. Kapfer\",\"description\":\"Landschaftsplanung und Landentwicklung\",\"publisher\":{\"@id\":\"https:\/\/dr-kapfer.fixfox.me\/#organization\"},\"potentialAction\":[{\"@type\":\"SearchAction\",\"target\":{\"@type\":\"EntryPoint\",\"urlTemplate\":\"https:\/\/dr-kapfer.fixfox.me\/?s={search_term_string}\"},\"query-input\":\"required name=search_term_string\"}],\"inLanguage\":\"de\"},{\"@type\":\"Organization\",\"@id\":\"https:\/\/dr-kapfer.fixfox.me\/#organization\",\"name\":\"Ingenieurb\u00fcro Dr. Kapfer\",\"url\":\"https:\/\/dr-kapfer.fixfox.me\/\",\"logo\":{\"@type\":\"ImageObject\",\"inLanguage\":\"de\",\"@id\":\"https:\/\/dr-kapfer.fixfox.me\/#\/schema\/logo\/image\/\",\"url\":\"https:\/\/dr-kapfer.fixfox.me\/wp-content\/uploads\/2023\/07\/logo-ingenieurbuero-dr-kapfer.png\",\"contentUrl\":\"https:\/\/dr-kapfer.fixfox.me\/wp-content\/uploads\/2023\/07\/logo-ingenieurbuero-dr-kapfer.png\",\"width\":659,\"height\":642,\"caption\":\"Ingenieurb\u00fcro Dr. Kapfer\"},\"image\":{\"@id\":\"https:\/\/dr-kapfer.fixfox.me\/#\/schema\/logo\/image\/\"}}]}<\/script>\n<!-- \/ Yoast SEO plugin. -->","yoast_head_json":{"title":"Struktur - Ingenieurb\u00fcro Dr. Kapfer","robots":{"index":"index","follow":"follow","max-snippet":"max-snippet:-1","max-image-preview":"max-image-preview:large","max-video-preview":"max-video-preview:-1"},"canonical":"https:\/\/dr-kapfer.fixfox.me\/index.php\/buero\/struktur\/","og_locale":"de_DE","og_type":"article","og_title":"Struktur - Ingenieurb\u00fcro Dr. Kapfer","og_description":"Struktur Unser B\u00fcro wurde 1994 von Dipl.-Ing. Dr. Alois Kapfer gegr\u00fcndet. Es besteht aus einem Kernteam von 3 bis 4 festen Mitarbeitern, das auftragsbezogen durch teils langj\u00e4hrig mit uns verbundene Spezialisten und Spezialb\u00fcros partnerschaftlich erg\u00e4nzt wird. Langj\u00e4hrige Planungskompetenz im l\u00e4ndlichen Raum, breiter landschafts\u00f6kologischer Ansatz, starke Umsetzungsorientierung und Bodenst\u00e4ndigkeit, gepaart mit Zuverl\u00e4ssigkeit, Termintreue und Aufgeschlossenheit, sowie&hellip; Struktur weiterlesen","og_url":"https:\/\/dr-kapfer.fixfox.me\/index.php\/buero\/struktur\/","og_site_name":"Ingenieurb\u00fcro Dr. Kapfer","article_modified_time":"2023-07-26T07:44:32+00:00","twitter_card":"summary_large_image","twitter_misc":{"Gesch\u00e4tzte Lesezeit":"1\u00a0Minute"},"schema":{"@context":"https:\/\/schema.org","@graph":[{"@type":"WebPage","@id":"https:\/\/dr-kapfer.fixfox.me\/index.php\/buero\/struktur\/","url":"https:\/\/dr-kapfer.fixfox.me\/index.php\/buero\/struktur\/","name":"Struktur - Ingenieurb\u00fcro Dr. Kapfer","isPartOf":{"@id":"https:\/\/dr-kapfer.fixfox.me\/#website"},"datePublished":"2023-07-19T04:36:35+00:00","dateModified":"2023-07-26T07:44:32+00:00","breadcrumb":{"@id":"https:\/\/dr-kapfer.fixfox.me\/index.php\/buero\/struktur\/#breadcrumb"},"inLanguage":"de","potentialAction":[{"@type":"ReadAction","target":["https:\/\/dr-kapfer.fixfox.me\/index.php\/buero\/struktur\/"]}]},{"@type":"BreadcrumbList","@id":"https:\/\/dr-kapfer.fixfox.me\/index.php\/buero\/struktur\/#breadcrumb","itemListElement":[{"@type":"ListItem","position":1,"name":"Startseite","item":"https:\/\/dr-kapfer.fixfox.me\/"},{"@type":"ListItem","position":2,"name":"B\u00fcro","item":"https:\/\/dr-kapfer.fixfox.me\/index.php\/buero\/"},{"@type":"ListItem","position":3,"name":"Struktur"}]},{"@type":"WebSite","@id":"https:\/\/dr-kapfer.fixfox.me\/#website","url":"https:\/\/dr-kapfer.fixfox.me\/","name":"Ingenieurb\u00fcro Dr. Kapfer","description":"Landschaftsplanung und Landentwicklung","publisher":{"@id":"https:\/\/dr-kapfer.fixfox.me\/#organization"},"potentialAction":[{"@type":"SearchAction","target":{"@type":"EntryPoint","urlTemplate":"https:\/\/dr-kapfer.fixfox.me\/?s={search_term_string}"},"query-input":"required name=search_term_string"}],"inLanguage":"de"},{"@type":"Organization","@id":"https:\/\/dr-kapfer.fixfox.me\/#organization","name":"Ingenieurb\u00fcro Dr. Kapfer","url":"https:\/\/dr-kapfer.fixfox.me\/","logo":{"@type":"ImageObject","inLanguage":"de","@id":"https:\/\/dr-kapfer.fixfox.me\/#\/schema\/logo\/image\/","url":"https:\/\/dr-kapfer.fixfox.me\/wp-content\/uploads\/2023\/07\/logo-ingenieurbuero-dr-kapfer.png","contentUrl":"https:\/\/dr-kapfer.fixfox.me\/wp-content\/uploads\/2023\/07\/logo-ingenieurbuero-dr-kapfer.png","width":659,"height":642,"caption":"Ingenieurb\u00fcro Dr. Kapfer"},"image":{"@id":"https:\/\/dr-kapfer.fixfox.me\/#\/schema\/logo\/image\/"}}]}},"_links":{"self":[{"href":"https:\/\/dr-kapfer.fixfox.me\/index.php\/wp-json\/wp\/v2\/pages\/141","targetHints":{"allow":["GET"]}}],"collection":[{"href":"https:\/\/dr-kapfer.fixfox.me\/index.php\/wp-json\/wp\/v2\/pages"}],"about":[{"href":"https:\/\/dr-kapfer.fixfox.me\/index.php\/wp-json\/wp\/v2\/types\/page"}],"author":[{"embeddable":true,"href":"https:\/\/dr-kapfer.fixfox.me\/index.php\/wp-json\/wp\/v2\/users\/1"}],"replies":[{"embeddable":true,"href":"https:\/\/dr-kapfer.fixfox.me\/index.php\/wp-json\/wp\/v2\/comments?post=141"}],"version-history":[{"count":33,"href":"https:\/\/dr-kapfer.fixfox.me\/index.php\/wp-json\/wp\/v2\/pages\/141\/revisions"}],"predecessor-version":[{"id":1278,"href":"https:\/\/dr-kapfer.fixfox.me\/index.php\/wp-json\/wp\/v2\/pages\/141\/revisions\/1278"}],"up":[{"embeddable":true,"href":"https:\/\/dr-kapfer.fixfox.me\/index.php\/wp-json\/wp\/v2\/pages\/102"}],"wp:attachment":[{"href":"https:\/\/dr-kapfer.fixfox.me\/index.php\/wp-json\/wp\/v2\/media?parent=141"}],"curies":[{"name":"wp","href":"https:\/\/api.w.org\/{rel}","templated":true}]}}