{"id":1009,"date":"2023-07-19T04:36:35","date_gmt":"2023-07-19T04:36:35","guid":{"rendered":"https:\/\/dr-kapfer.fixfox.me\/index.php\/leistungssprektrum\/gewaesser-und-auen\/gewaesser-und-auen-entwicklungsplanung-2\/"},"modified":"2023-07-22T16:24:31","modified_gmt":"2023-07-22T16:24:31","slug":"naturnahe-umgestaltung","status":"publish","type":"page","link":"https:\/\/dr-kapfer.fixfox.me\/index.php\/leistungssprektrum\/gewaesser-und-auen\/naturnahe-umgestaltung\/","title":{"rendered":"Naturnahe Umgestaltung"},"content":{"rendered":"\t\t<div data-elementor-type=\"wp-page\" data-elementor-id=\"1009\" class=\"elementor elementor-1009\" data-elementor-post-type=\"page\">\n\t\t\t\t\t\t\t\t\t<section class=\"elementor-section elementor-top-section elementor-element elementor-element-1329d757 elementor-section-boxed elementor-section-height-default elementor-section-height-default\" data-id=\"1329d757\" data-element_type=\"section\">\n\t\t\t\t\t\t<div class=\"elementor-container elementor-column-gap-default\">\n\t\t\t\t\t<div class=\"elementor-column elementor-col-100 elementor-top-column elementor-element elementor-element-5a79a2ae\" data-id=\"5a79a2ae\" data-element_type=\"column\">\n\t\t\t<div class=\"elementor-widget-wrap elementor-element-populated\">\n\t\t\t\t\t\t\t\t<div class=\"elementor-element elementor-element-71e32654 elementor-widget elementor-widget-text-editor\" data-id=\"71e32654\" data-element_type=\"widget\" data-widget_type=\"text-editor.default\">\n\t\t\t\t<div class=\"elementor-widget-container\">\n\t\t\t<style>\/*! elementor - v3.16.0 - 09-10-2023 *\/\n.elementor-widget-text-editor.elementor-drop-cap-view-stacked .elementor-drop-cap{background-color:#69727d;color:#fff}.elementor-widget-text-editor.elementor-drop-cap-view-framed .elementor-drop-cap{color:#69727d;border:3px solid;background-color:transparent}.elementor-widget-text-editor:not(.elementor-drop-cap-view-default) .elementor-drop-cap{margin-top:8px}.elementor-widget-text-editor:not(.elementor-drop-cap-view-default) .elementor-drop-cap-letter{width:1em;height:1em}.elementor-widget-text-editor .elementor-drop-cap{float:left;text-align:center;line-height:1;font-size:50px}.elementor-widget-text-editor .elementor-drop-cap-letter{display:inline-block}<\/style>\t\t\t\t<p><!-- wp:paragraph --><\/p>\n<h2 class=\"ce_headline first\">Naturnahe Gew\u00e4sserumgestaltung<\/h2>\n<div class=\"ce_text block\">\n<p>\u00a0<\/p>\n<h3>Aufgabenstellung<\/h3>\n<p>Die naturnahe Umgestaltung von B\u00e4chen und Fl\u00fcssen ist eine Aufgabe der wasserwirtschaftlich-naturschutzfachlichen Objektplanung. Ziel ist entweder die Reaktivierung der eigendynamischen Entwicklung von Gew\u00e4ssern in der freien Landschaft oder der naturnahe Umbau von Gew\u00e4sserabschnitten im Siedlungsbereich, aber auch im Bereich von schutzbed\u00fcrftigen Infrastruktureinrichtungen. H\u00e4ufig dient die naturnahe Umgestaltung auch der Herstellung bzw. Verbesserung der \u00f6kologischen Durchg\u00e4ngigkeit des Gew\u00e4ssers bzw. der Herstellung des sog. Gew\u00e4sserkontinuums. Dabei legen wir besonderen Wert auf die Orientierung am spezifischen, in der Gew\u00e4sserentwicklungsplanung fachlich abgeleiteten Leitbild des Gew\u00e4ssers bzw. Gew\u00e4sserabschnittes.<\/p>\n<\/div>\n<div class=\"ce_text block\">\n<p>\u00a0<\/p>\n<h3>Leistungen<\/h3>\n<p>Wir verf\u00fcgen \u00fcber umfangreiche Erfahrungen in der technisch-ingenieurbiologischen Detailplanung, Ausschreibung und Bauausf\u00fchrung von Umgestaltungsma\u00dfnahmen im naturnahen Wasserbau. Gemeinsam mit Ihnen suchen wir nach praktikablen und dennoch fachlich anspruchsvollen L\u00f6sungen.<\/p>\n<ul>\n<li>Ingenieurvermessung<\/li>\n<li>Floristisch\/faunistische Bestandserfassungen<\/li>\n<li>Hydrologisch-hydraulische Untersuchungen<\/li>\n<li>Objektplanung naturnaher Wasserbau (LP 1 \u2013 9)<\/li>\n<\/ul>\n<\/div>\n<div class=\"ce_text block\">\n<h3>\u00a0<\/h3>\n<h3 class=\"text_blau\"><span lang=\"DE\">Referenzen<\/span><\/h3>\n<p>Naturnahe Umgestaltung der Donau im Bereich &#8222;Tauwasser&#8220; (Gemarkung Neudingen, Schwarzwald-Baar-Kreis).<\/p>\n<h6>Regierungspr\u00e4sidium Freiburg, 2013.<\/h6>\n<p>\u00a0<\/p>\n<p>Naturnahe Umgestaltung der W\u00fcrm im Bereich &#8222;Maisenbachweiher&#8220; (Gemarkung Stadt Weil der Stadt, Landkreis B\u00f6blingen).<\/p>\n<h6>Regierungspr\u00e4sidium Stuttgart, 2012- 2013.<\/h6>\n<p>\u00a0<\/p>\n<p>Naturnahe Umgestaltung der Breg \/ Wildflusszone &#8222;Untere Anger\/ Bregfeld&#8220;.<\/p>\n<h6>Regierungspr\u00e4sidium Freiburg, 2012-2013.<\/h6>\n<p>\u00a0<\/p>\n<p>Naturnahe Umgestaltung der Breg \/ Wildflusszone &#8222;In der Enge&#8220;.<\/p>\n<h6>Regierungspr\u00e4sidium Freiburg, 2007-2012.<\/h6>\n<p>\u00a0<\/p>\n<p><span lang=\"DE\">Naturnahe Umgestaltung der Stillen Musel \/ M\u00fcndungsbereich (Schwarzwald-Baar-Kreis).\u00a0<\/span><\/p>\n<h6><span lang=\"DE\">Stadt Donaueschingen, 2009.<\/span><\/h6>\n<p>\u00a0<\/p>\n<p>Naturnahe Umgestaltung der Breg Obere Au und Vorderzindelstein (Schwarzwald-Baar-Kreis).\u00a0<\/p>\n<h6>Regierungspr\u00e4sidium Freiburg, 2006 &#8211; 2008.<\/h6>\n<p>\u00a0<\/p>\n<p>Naturnahe Umgestaltung des Weiherbach (Schwarzwald-Baar-Kreis).\u00a0<\/p>\n<h6>Regierungspr\u00e4sidium Freiburg, 2008 &#8211; 2009.<\/h6>\n<p>\u00a0<\/p>\n<p>Naturnahe Umgestaltung der W\u00fcrm im Bereich der Wehranlage H\u00e4usslerm\u00fchle auf Gemarkung Weil der Stadt \u2013 Hausen.\u00a0<\/p>\n<h6>Gew\u00e4sserdirektion Neckar, Bereich Kirchheim unter Teck, 2004.<\/h6>\n<p>\u00a0<\/p>\n<p>Naturnahe Umgestaltung der Donauaue im Bereich Neuschwaig, Gemeinde Gremheim (Landkreis Dillingen a. d. Donau).\u00a0<\/p>\n<h6>Regierung von Schwaben, 2004 \u2013 2005.<\/h6>\n<p>\u00a0<\/p>\n<p>Naturnahe Umgestaltung der Prim, Gemeinde Balgheim (Landkreis Tuttlingen).\u00a0<\/p>\n<h6>Gemeinde Balgheim, 2003 \u2013 2004.<\/h6>\n<p>\u00a0<\/p>\n<p>Vermessungstechnisches und landschafts\u00f6kologisches Gutachten zur Wiederanbindung Fluss-Schleife Bunzenwiesen der Hegauer Aach.\u00a0<\/p>\n<h6>Stadt Singen\/Hohentwiel, 2003.<\/h6>\n<p>\u00a0<\/p>\n<p>Naturnahe Umgestaltung des Bulzengrabens, Stadt Donaueschingen (Schwarzwald-Baar-Kreis).\u00a0<\/p>\n<h6>Stadt Donaueschingen, 2003.<\/h6>\n<p>\u00a0<\/p>\n<p>Naturnahe Umgestaltung der Hegauer Aach im Bereich Singen-Hausen (Landkreis Konstanz) mit Bau von 5 Buhnen und eines Sedimentfangs.\u00a0<\/p>\n<h6>Stadt Singen\/Hohentwiel, 2003 \u2013 2004.<\/h6>\n<p>\u00a0<\/p>\n<p>Verbesserung der Anbindung der Altarme \u201eMartinsb\u00fcgen&#8220; und \u201eGr\u00fcnenb\u00fcgen&#8220; der Hegauer Aach im Rahmen des Life-Natur-Projektes \u201eLebensraumverbund Westlicher Untersee \u2013 Untersee Life&#8220; (Landkreis Konstanz).\u00a0<\/p>\n<h6>Gew\u00e4sserdirektion S\u00fcdlicher Oberrhein\/Hochrhein, Bereich Rottweil und Bezirksstelle f\u00fcr Naturschutz und Landschaftspflege Freiburg, 2001 \u2013 2004 (in Kooperation mit Ing.-B\u00fcro Salzmann, Tuttlingen).<\/h6>\n<p>\u00a0<\/p>\n<p>Naturnahe Umgestaltung der Hegauer Aach im Bereich Auwiesen\/Aach a. d. Aach (Landkreis Konstanz).\u00a0<\/p>\n<h6>Sportpferdezentrum Hirtenhof GmbH, 2001 \u2013 2003.<\/h6>\n<p>\u00a0<\/p>\n<p>Naturnahe Umgestaltung des Ufers der Breg in der Ortslage Donaueschingen-Wolterdingen (Schwarzwald-Baar-Kreis).\u00a0<\/p>\n<h6>Gew\u00e4sserdirektion S\u00fcdlicher Oberrhein\/Hochrhein, Bereich Rottweil 2000 \u2013 2003.<\/h6>\n<p>\u00a0<\/p>\n<p>Naturnahe Umgestaltung der Donau im Bereich Ludwigstal.\u00a0<\/p>\n<h6>Stadt Tuttlingen, 2003.<\/h6>\n<p>\u00a0<\/p>\n<p>Naturnahe Umgestaltung der Stillen Musel (Schwarzwald-Baar-Kreis).\u00a0<\/p>\n<h6>Stadt Donaueschingen, 1999 \u2013 2002.<\/h6>\n<p>\u00a0<\/p>\n<p>Naturnahe Umgestaltung der Hegauer Aach im Bereich Talwiesen (Gemeinde Rieslasingen-Worblingen, Landkreis Konstanz).\u00a0<\/p>\n<h6>Gemeinde Rielasingen-Worblingen, 1998 \u2013 2001.<\/h6>\n<p>\u00a0<\/p>\n<p>Offenlegung Quellbach \u201eLangga\u00df&#8220; an der W\u00fcrm (Landkreis B\u00f6blingen).\u00a0<\/p>\n<h6>Stadt Weil der Stadt, 2001.<\/h6>\n<p>\u00a0<\/p>\n<p>Naturnahe Umgestaltung der Hegauer Aach im Stadtgebiet Singen\/Hohentwiel im Rahmen der Landesgartenschau 2000 (Landkreis Konstanz).\u00a0<\/p>\n<h6>Stadt Singen\/Hohentwiel, 1997 \u2013 1999.<\/h6>\n<p>\u00a0<\/p>\n<p>Machbarkeitsstudie Naturnahe Umgestaltung \/ Herstellung der Durchwanderbarkeit der Donau am Bronner Wehr (Gemeinde Fridingen, Landkreis Tuttlingen).\u00a0<\/p>\n<h6>Gew\u00e4sserdirektion S\u00fcdlicher Oberrhein\/Hochrhein, Bereich Rottweil, 1998. (in Kooperation mit Ing-B\u00fcro Salzmann, Tuttlingen).<\/h6>\n<\/div>\n<p><!-- \/wp:paragraph --><\/p>\t\t\t\t\t\t<\/div>\n\t\t\t\t<\/div>\n\t\t\t\t\t<\/div>\n\t\t<\/div>\n\t\t\t\t\t\t\t<\/div>\n\t\t<\/section>\n\t\t\t\t\t\t\t<\/div>\n\t\t","protected":false},"excerpt":{"rendered":"<p>Naturnahe Gew\u00e4sserumgestaltung \u00a0 Aufgabenstellung Die naturnahe Umgestaltung von B\u00e4chen und Fl\u00fcssen ist eine Aufgabe der wasserwirtschaftlich-naturschutzfachlichen Objektplanung. Ziel ist entweder die Reaktivierung der eigendynamischen Entwicklung von Gew\u00e4ssern in der freien Landschaft oder der naturnahe Umbau von Gew\u00e4sserabschnitten im Siedlungsbereich, aber auch im Bereich von schutzbed\u00fcrftigen Infrastruktureinrichtungen. H\u00e4ufig dient die naturnahe Umgestaltung auch der Herstellung bzw.&hellip; <a class=\"more-link\" href=\"https:\/\/dr-kapfer.fixfox.me\/index.php\/leistungssprektrum\/gewaesser-und-auen\/naturnahe-umgestaltung\/\"><span class=\"screen-reader-text\">Naturnahe Umgestaltung<\/span> weiterlesen<\/a><\/p>\n","protected":false},"author":1,"featured_media":0,"parent":723,"menu_order":2,"comment_status":"closed","ping_status":"closed","template":"elementor_header_footer","meta":{"footnotes":""},"class_list":["post-1009","page","type-page","status-publish","hentry","entry"],"yoast_head":"<!-- This site is optimized with the Yoast SEO plugin v21.4 - https:\/\/yoast.com\/wordpress\/plugins\/seo\/ -->\n<title>Naturnahe Umgestaltung - Ingenieurb\u00fcro Dr. Kapfer<\/title>\n<meta name=\"robots\" content=\"index, follow, max-snippet:-1, max-image-preview:large, max-video-preview:-1\" \/>\n<link rel=\"canonical\" href=\"https:\/\/dr-kapfer.fixfox.me\/index.php\/leistungssprektrum\/gewaesser-und-auen\/naturnahe-umgestaltung\/\" \/>\n<meta property=\"og:locale\" content=\"de_DE\" \/>\n<meta property=\"og:type\" content=\"article\" \/>\n<meta property=\"og:title\" content=\"Naturnahe Umgestaltung - Ingenieurb\u00fcro Dr. Kapfer\" \/>\n<meta property=\"og:description\" content=\"Naturnahe Gew\u00e4sserumgestaltung \u00a0 Aufgabenstellung Die naturnahe Umgestaltung von B\u00e4chen und Fl\u00fcssen ist eine Aufgabe der wasserwirtschaftlich-naturschutzfachlichen Objektplanung. Ziel ist entweder die Reaktivierung der eigendynamischen Entwicklung von Gew\u00e4ssern in der freien Landschaft oder der naturnahe Umbau von Gew\u00e4sserabschnitten im Siedlungsbereich, aber auch im Bereich von schutzbed\u00fcrftigen Infrastruktureinrichtungen. H\u00e4ufig dient die naturnahe Umgestaltung auch der Herstellung bzw.&hellip; Naturnahe Umgestaltung weiterlesen\" \/>\n<meta property=\"og:url\" content=\"https:\/\/dr-kapfer.fixfox.me\/index.php\/leistungssprektrum\/gewaesser-und-auen\/naturnahe-umgestaltung\/\" \/>\n<meta property=\"og:site_name\" content=\"Ingenieurb\u00fcro Dr. Kapfer\" \/>\n<meta property=\"article:modified_time\" content=\"2023-07-22T16:24:31+00:00\" \/>\n<meta name=\"twitter:card\" content=\"summary_large_image\" \/>\n<meta name=\"twitter:label1\" content=\"Gesch\u00e4tzte Lesezeit\" \/>\n\t<meta name=\"twitter:data1\" content=\"3\u00a0Minuten\" \/>\n<script type=\"application\/ld+json\" class=\"yoast-schema-graph\">{\"@context\":\"https:\/\/schema.org\",\"@graph\":[{\"@type\":\"WebPage\",\"@id\":\"https:\/\/dr-kapfer.fixfox.me\/index.php\/leistungssprektrum\/gewaesser-und-auen\/naturnahe-umgestaltung\/\",\"url\":\"https:\/\/dr-kapfer.fixfox.me\/index.php\/leistungssprektrum\/gewaesser-und-auen\/naturnahe-umgestaltung\/\",\"name\":\"Naturnahe Umgestaltung - Ingenieurb\u00fcro Dr. Kapfer\",\"isPartOf\":{\"@id\":\"https:\/\/dr-kapfer.fixfox.me\/#website\"},\"datePublished\":\"2023-07-19T04:36:35+00:00\",\"dateModified\":\"2023-07-22T16:24:31+00:00\",\"breadcrumb\":{\"@id\":\"https:\/\/dr-kapfer.fixfox.me\/index.php\/leistungssprektrum\/gewaesser-und-auen\/naturnahe-umgestaltung\/#breadcrumb\"},\"inLanguage\":\"de\",\"potentialAction\":[{\"@type\":\"ReadAction\",\"target\":[\"https:\/\/dr-kapfer.fixfox.me\/index.php\/leistungssprektrum\/gewaesser-und-auen\/naturnahe-umgestaltung\/\"]}]},{\"@type\":\"BreadcrumbList\",\"@id\":\"https:\/\/dr-kapfer.fixfox.me\/index.php\/leistungssprektrum\/gewaesser-und-auen\/naturnahe-umgestaltung\/#breadcrumb\",\"itemListElement\":[{\"@type\":\"ListItem\",\"position\":1,\"name\":\"Startseite\",\"item\":\"https:\/\/dr-kapfer.fixfox.me\/\"},{\"@type\":\"ListItem\",\"position\":2,\"name\":\"Leistungsspektrum\",\"item\":\"https:\/\/dr-kapfer.fixfox.me\/index.php\/leistungssprektrum\/\"},{\"@type\":\"ListItem\",\"position\":3,\"name\":\"Gew\u00e4sser und Auen\",\"item\":\"https:\/\/dr-kapfer.fixfox.me\/index.php\/leistungssprektrum\/gewaesser-und-auen\/\"},{\"@type\":\"ListItem\",\"position\":4,\"name\":\"Naturnahe Umgestaltung\"}]},{\"@type\":\"WebSite\",\"@id\":\"https:\/\/dr-kapfer.fixfox.me\/#website\",\"url\":\"https:\/\/dr-kapfer.fixfox.me\/\",\"name\":\"Ingenieurb\u00fcro Dr. Kapfer\",\"description\":\"Landschaftsplanung und Landentwicklung\",\"publisher\":{\"@id\":\"https:\/\/dr-kapfer.fixfox.me\/#organization\"},\"potentialAction\":[{\"@type\":\"SearchAction\",\"target\":{\"@type\":\"EntryPoint\",\"urlTemplate\":\"https:\/\/dr-kapfer.fixfox.me\/?s={search_term_string}\"},\"query-input\":\"required name=search_term_string\"}],\"inLanguage\":\"de\"},{\"@type\":\"Organization\",\"@id\":\"https:\/\/dr-kapfer.fixfox.me\/#organization\",\"name\":\"Ingenieurb\u00fcro Dr. Kapfer\",\"url\":\"https:\/\/dr-kapfer.fixfox.me\/\",\"logo\":{\"@type\":\"ImageObject\",\"inLanguage\":\"de\",\"@id\":\"https:\/\/dr-kapfer.fixfox.me\/#\/schema\/logo\/image\/\",\"url\":\"https:\/\/dr-kapfer.fixfox.me\/wp-content\/uploads\/2023\/07\/logo-ingenieurbuero-dr-kapfer.png\",\"contentUrl\":\"https:\/\/dr-kapfer.fixfox.me\/wp-content\/uploads\/2023\/07\/logo-ingenieurbuero-dr-kapfer.png\",\"width\":659,\"height\":642,\"caption\":\"Ingenieurb\u00fcro Dr. Kapfer\"},\"image\":{\"@id\":\"https:\/\/dr-kapfer.fixfox.me\/#\/schema\/logo\/image\/\"}}]}<\/script>\n<!-- \/ Yoast SEO plugin. -->","yoast_head_json":{"title":"Naturnahe Umgestaltung - Ingenieurb\u00fcro Dr. Kapfer","robots":{"index":"index","follow":"follow","max-snippet":"max-snippet:-1","max-image-preview":"max-image-preview:large","max-video-preview":"max-video-preview:-1"},"canonical":"https:\/\/dr-kapfer.fixfox.me\/index.php\/leistungssprektrum\/gewaesser-und-auen\/naturnahe-umgestaltung\/","og_locale":"de_DE","og_type":"article","og_title":"Naturnahe Umgestaltung - Ingenieurb\u00fcro Dr. Kapfer","og_description":"Naturnahe Gew\u00e4sserumgestaltung \u00a0 Aufgabenstellung Die naturnahe Umgestaltung von B\u00e4chen und Fl\u00fcssen ist eine Aufgabe der wasserwirtschaftlich-naturschutzfachlichen Objektplanung. Ziel ist entweder die Reaktivierung der eigendynamischen Entwicklung von Gew\u00e4ssern in der freien Landschaft oder der naturnahe Umbau von Gew\u00e4sserabschnitten im Siedlungsbereich, aber auch im Bereich von schutzbed\u00fcrftigen Infrastruktureinrichtungen. H\u00e4ufig dient die naturnahe Umgestaltung auch der Herstellung bzw.&hellip; Naturnahe Umgestaltung weiterlesen","og_url":"https:\/\/dr-kapfer.fixfox.me\/index.php\/leistungssprektrum\/gewaesser-und-auen\/naturnahe-umgestaltung\/","og_site_name":"Ingenieurb\u00fcro Dr. Kapfer","article_modified_time":"2023-07-22T16:24:31+00:00","twitter_card":"summary_large_image","twitter_misc":{"Gesch\u00e4tzte Lesezeit":"3\u00a0Minuten"},"schema":{"@context":"https:\/\/schema.org","@graph":[{"@type":"WebPage","@id":"https:\/\/dr-kapfer.fixfox.me\/index.php\/leistungssprektrum\/gewaesser-und-auen\/naturnahe-umgestaltung\/","url":"https:\/\/dr-kapfer.fixfox.me\/index.php\/leistungssprektrum\/gewaesser-und-auen\/naturnahe-umgestaltung\/","name":"Naturnahe Umgestaltung - Ingenieurb\u00fcro Dr. Kapfer","isPartOf":{"@id":"https:\/\/dr-kapfer.fixfox.me\/#website"},"datePublished":"2023-07-19T04:36:35+00:00","dateModified":"2023-07-22T16:24:31+00:00","breadcrumb":{"@id":"https:\/\/dr-kapfer.fixfox.me\/index.php\/leistungssprektrum\/gewaesser-und-auen\/naturnahe-umgestaltung\/#breadcrumb"},"inLanguage":"de","potentialAction":[{"@type":"ReadAction","target":["https:\/\/dr-kapfer.fixfox.me\/index.php\/leistungssprektrum\/gewaesser-und-auen\/naturnahe-umgestaltung\/"]}]},{"@type":"BreadcrumbList","@id":"https:\/\/dr-kapfer.fixfox.me\/index.php\/leistungssprektrum\/gewaesser-und-auen\/naturnahe-umgestaltung\/#breadcrumb","itemListElement":[{"@type":"ListItem","position":1,"name":"Startseite","item":"https:\/\/dr-kapfer.fixfox.me\/"},{"@type":"ListItem","position":2,"name":"Leistungsspektrum","item":"https:\/\/dr-kapfer.fixfox.me\/index.php\/leistungssprektrum\/"},{"@type":"ListItem","position":3,"name":"Gew\u00e4sser und Auen","item":"https:\/\/dr-kapfer.fixfox.me\/index.php\/leistungssprektrum\/gewaesser-und-auen\/"},{"@type":"ListItem","position":4,"name":"Naturnahe Umgestaltung"}]},{"@type":"WebSite","@id":"https:\/\/dr-kapfer.fixfox.me\/#website","url":"https:\/\/dr-kapfer.fixfox.me\/","name":"Ingenieurb\u00fcro Dr. Kapfer","description":"Landschaftsplanung und Landentwicklung","publisher":{"@id":"https:\/\/dr-kapfer.fixfox.me\/#organization"},"potentialAction":[{"@type":"SearchAction","target":{"@type":"EntryPoint","urlTemplate":"https:\/\/dr-kapfer.fixfox.me\/?s={search_term_string}"},"query-input":"required name=search_term_string"}],"inLanguage":"de"},{"@type":"Organization","@id":"https:\/\/dr-kapfer.fixfox.me\/#organization","name":"Ingenieurb\u00fcro Dr. Kapfer","url":"https:\/\/dr-kapfer.fixfox.me\/","logo":{"@type":"ImageObject","inLanguage":"de","@id":"https:\/\/dr-kapfer.fixfox.me\/#\/schema\/logo\/image\/","url":"https:\/\/dr-kapfer.fixfox.me\/wp-content\/uploads\/2023\/07\/logo-ingenieurbuero-dr-kapfer.png","contentUrl":"https:\/\/dr-kapfer.fixfox.me\/wp-content\/uploads\/2023\/07\/logo-ingenieurbuero-dr-kapfer.png","width":659,"height":642,"caption":"Ingenieurb\u00fcro Dr. Kapfer"},"image":{"@id":"https:\/\/dr-kapfer.fixfox.me\/#\/schema\/logo\/image\/"}}]}},"_links":{"self":[{"href":"https:\/\/dr-kapfer.fixfox.me\/index.php\/wp-json\/wp\/v2\/pages\/1009","targetHints":{"allow":["GET"]}}],"collection":[{"href":"https:\/\/dr-kapfer.fixfox.me\/index.php\/wp-json\/wp\/v2\/pages"}],"about":[{"href":"https:\/\/dr-kapfer.fixfox.me\/index.php\/wp-json\/wp\/v2\/types\/page"}],"author":[{"embeddable":true,"href":"https:\/\/dr-kapfer.fixfox.me\/index.php\/wp-json\/wp\/v2\/users\/1"}],"replies":[{"embeddable":true,"href":"https:\/\/dr-kapfer.fixfox.me\/index.php\/wp-json\/wp\/v2\/comments?post=1009"}],"version-history":[{"count":69,"href":"https:\/\/dr-kapfer.fixfox.me\/index.php\/wp-json\/wp\/v2\/pages\/1009\/revisions"}],"predecessor-version":[{"id":1079,"href":"https:\/\/dr-kapfer.fixfox.me\/index.php\/wp-json\/wp\/v2\/pages\/1009\/revisions\/1079"}],"up":[{"embeddable":true,"href":"https:\/\/dr-kapfer.fixfox.me\/index.php\/wp-json\/wp\/v2\/pages\/723"}],"wp:attachment":[{"href":"https:\/\/dr-kapfer.fixfox.me\/index.php\/wp-json\/wp\/v2\/media?parent=1009"}],"curies":[{"name":"wp","href":"https:\/\/api.w.org\/{rel}","templated":true}]}}